{"id":855,"date":"2018-12-20T11:35:07","date_gmt":"2018-12-20T11:35:07","guid":{"rendered":"https:\/\/www.smukshop.fi\/home\/"},"modified":"2026-04-22T11:36:24","modified_gmt":"2026-04-22T08:36:24","slug":"home","status":"publish","type":"page","link":"https:\/\/www.smukshop.fi\/en\/","title":{"rendered":"Etusivu"},"content":{"rendered":"<div data-elementor-type=\"wp-post\" data-elementor-id=\"855\" class=\"elementor elementor-855\" data-elementor-post-type=\"page\">\n\t\t\t\t<div class=\"elementor-element elementor-element-0ecc4e1 e-flex e-con-boxed e-con e-parent\" data-id=\"0ecc4e1\" data-element_type=\"container\" data-settings=\"{&quot;background_background&quot;:&quot;classic&quot;}\">\n\t\t\t\t\t<div class=\"e-con-inner\">\n\t\t<div class=\"elementor-element elementor-element-22d105d e-con-full e-flex e-con e-child\" data-id=\"22d105d\" data-element_type=\"container\">\n\t\t\t\t<div class=\"elementor-element elementor-element-e7eb5a1 elementor-widget elementor-widget-image\" data-id=\"e7eb5a1\" data-element_type=\"widget\" data-widget_type=\"image.default\">\n\t\t\t\t<div class=\"elementor-widget-container\">\n\t\t\t\t\t\t\t\t\t\t\t\t\t\t\t<img fetchpriority=\"high\" decoding=\"async\" width=\"750\" height=\"750\" src=\"https:\/\/www.smukshop.fi\/wp-content\/uploads\/2023\/08\/smuk-LOGO-ISO.png\" class=\"attachment-large size-large wp-image-4545\" alt=\"\" srcset=\"https:\/\/www.smukshop.fi\/wp-content\/uploads\/2023\/08\/smuk-LOGO-ISO.png 750w, https:\/\/www.smukshop.fi\/wp-content\/uploads\/2023\/08\/smuk-LOGO-ISO-300x300.png 300w, https:\/\/www.smukshop.fi\/wp-content\/uploads\/2023\/08\/smuk-LOGO-ISO-150x150.png 150w\" sizes=\"(max-width: 750px) 100vw, 750px\" \/>\t\t\t\t\t\t\t\t\t\t\t\t\t\t\t<\/div>\n\t\t\t\t<\/div>\n\t\t\t\t<div class=\"elementor-element elementor-element-37ca8e8 elementor-widget elementor-widget-heading\" data-id=\"37ca8e8\" data-element_type=\"widget\" data-widget_type=\"heading.default\">\n\t\t\t\t<div class=\"elementor-widget-container\">\n\t\t\t\t\t<h1 class=\"elementor-heading-title elementor-size-default\">PREMIUM SECOND HAND SHOP<\/h1>\t\t\t\t<\/div>\n\t\t\t\t<\/div>\n\t\t<div class=\"elementor-element elementor-element-42cfc1d e-con-full e-flex e-con e-child\" data-id=\"42cfc1d\" data-element_type=\"container\">\n\t\t\t\t<div class=\"elementor-element elementor-element-46a88f8 elementor-align-right elementor-mobile-align-center elementor-widget elementor-widget-button\" data-id=\"46a88f8\" data-element_type=\"widget\" data-widget_type=\"button.default\">\n\t\t\t\t<div class=\"elementor-widget-container\">\n\t\t\t\t\t\t\t\t\t<div class=\"elementor-button-wrapper\">\n\t\t\t\t\t<a class=\"elementor-button elementor-button-link elementor-size-sm\" href=\"https:\/\/www.smukshop.fi\/en\/smuk-rovaniemi\/\">\n\t\t\t\t\t\t<span class=\"elementor-button-content-wrapper\">\n\t\t\t\t\t\t\t\t\t<span class=\"elementor-button-text\">ROVANIEMI<\/span>\n\t\t\t\t\t<\/span>\n\t\t\t\t\t<\/a>\n\t\t\t\t<\/div>\n\t\t\t\t\t\t\t\t<\/div>\n\t\t\t\t<\/div>\n\t\t\t\t<div class=\"elementor-element elementor-element-69574e2 elementor-align-center elementor-mobile-align-center elementor-widget elementor-widget-button\" data-id=\"69574e2\" data-element_type=\"widget\" data-widget_type=\"button.default\">\n\t\t\t\t<div class=\"elementor-widget-container\">\n\t\t\t\t\t\t\t\t\t<div class=\"elementor-button-wrapper\">\n\t\t\t\t\t<a class=\"elementor-button elementor-button-link elementor-size-sm\" href=\"https:\/\/www.smukshop.fi\/en\/smuk-oulu\/\">\n\t\t\t\t\t\t<span class=\"elementor-button-content-wrapper\">\n\t\t\t\t\t\t\t\t\t<span class=\"elementor-button-text\">OULU<\/span>\n\t\t\t\t\t<\/span>\n\t\t\t\t\t<\/a>\n\t\t\t\t<\/div>\n\t\t\t\t\t\t\t\t<\/div>\n\t\t\t\t<\/div>\n\t\t\t\t<\/div>\n\t\t\t\t<\/div>\n\t\t\t\t\t<\/div>\n\t\t\t\t<\/div>\n\t\t\t\t<\/div>","protected":false},"excerpt":{"rendered":"<p>KIRPPUTORI \/ SECOND HAND SHOP ROVANIEMI OULU<\/p>","protected":false},"author":2,"featured_media":0,"parent":0,"menu_order":0,"comment_status":"closed","ping_status":"closed","template":"","meta":{"site-sidebar-layout":"no-sidebar","site-content-layout":"page-builder","ast-site-content-layout":"full-width-container","site-content-style":"unboxed","site-sidebar-style":"unboxed","ast-global-header-display":"","ast-banner-title-visibility":"","ast-main-header-display":"","ast-hfb-above-header-display":"","ast-hfb-below-header-display":"","ast-hfb-mobile-header-display":"","site-post-title":"disabled","ast-breadcrumbs-content":"","ast-featured-img":"disabled","footer-sml-layout":"","theme-transparent-header-meta":"enabled","adv-header-id-meta":"","stick-header-meta":"","header-above-stick-meta":"","header-main-stick-meta":"","header-below-stick-meta":"","astra-migrate-meta-layouts":"set","ast-page-background-enabled":"default","ast-page-background-meta":{"desktop":{"background-color":"","background-image":"","background-repeat":"repeat","background-position":"center center","background-size":"auto","background-attachment":"scroll","background-type":"","background-media":"","overlay-type":"","overlay-color":"","overlay-opacity":"","overlay-gradient":""},"tablet":{"background-color":"","background-image":"","background-repeat":"repeat","background-position":"center center","background-size":"auto","background-attachment":"scroll","background-type":"","background-media":"","overlay-type":"","overlay-color":"","overlay-opacity":"","overlay-gradient":""},"mobile":{"background-color":"","background-image":"","background-repeat":"repeat","background-position":"center center","background-size":"auto","background-attachment":"scroll","background-type":"","background-media":"","overlay-type":"","overlay-color":"","overlay-opacity":"","overlay-gradient":""}},"ast-content-background-meta":{"desktop":{"background-color":"var(--ast-global-color-5)","background-image":"","background-repeat":"repeat","background-position":"center center","background-size":"auto","background-attachment":"scroll","background-type":"","background-media":"","overlay-type":"","overlay-color":"","overlay-opacity":"","overlay-gradient":""},"tablet":{"background-color":"var(--ast-global-color-5)","background-image":"","background-repeat":"repeat","background-position":"center center","background-size":"auto","background-attachment":"scroll","background-type":"","background-media":"","overlay-type":"","overlay-color":"","overlay-opacity":"","overlay-gradient":""},"mobile":{"background-color":"var(--ast-global-color-5)","background-image":"","background-repeat":"repeat","background-position":"center center","background-size":"auto","background-attachment":"scroll","background-type":"","background-media":"","overlay-type":"","overlay-color":"","overlay-opacity":"","overlay-gradient":""}},"footnotes":""},"class_list":["post-855","page","type-page","status-publish","hentry"],"yoast_head":"<!-- This site is optimized with the Yoast SEO plugin v26.0 - https:\/\/yoast.com\/wordpress\/plugins\/seo\/ -->\n<title>SMUK. Kirpputori Rovaniemell\u00e4 ja Oulussa<\/title>\n<meta name=\"description\" content=\"SMUKissa voit myyd\u00e4 helposti k\u00e4ytetyt vaatteesi ja tehd\u00e4 l\u00f6yt\u00f6j\u00e4 itsellesi. Smuk kirpputori on Oulussa ja Rovaniemell\u00e4!\" \/>\n<meta name=\"robots\" content=\"index, follow, max-snippet:-1, max-image-preview:large, max-video-preview:-1\" \/>\n<link rel=\"canonical\" href=\"https:\/\/www.smukshop.fi\/en\/\" \/>\n<meta property=\"og:locale\" content=\"en_GB\" \/>\n<meta property=\"og:type\" content=\"article\" \/>\n<meta property=\"og:title\" content=\"SMUK. Kirpputori Rovaniemell\u00e4 ja Oulussa\" \/>\n<meta property=\"og:description\" content=\"SMUKissa voit myyd\u00e4 helposti k\u00e4ytetyt vaatteesi ja tehd\u00e4 l\u00f6yt\u00f6j\u00e4 itsellesi. Smuk kirpputori on Oulussa ja Rovaniemell\u00e4!\" \/>\n<meta property=\"og:url\" content=\"https:\/\/www.smukshop.fi\/en\/\" \/>\n<meta property=\"og:site_name\" content=\"SMUK.\" \/>\n<meta property=\"article:publisher\" content=\"https:\/\/www.facebook.com\/smukshopfinland\/\" \/>\n<meta property=\"article:modified_time\" content=\"2026-04-22T08:36:24+00:00\" \/>\n<meta property=\"og:image\" content=\"https:\/\/www.smukshop.fi\/wp-content\/uploads\/2023\/08\/smuk-LOGO-ISO.png\" \/>\n<meta name=\"twitter:card\" content=\"summary_large_image\" \/>\n<meta name=\"twitter:label1\" content=\"Estimated reading time\" \/>\n\t<meta name=\"twitter:data1\" content=\"1 minute\" \/>\n<script type=\"application\/ld+json\" class=\"yoast-schema-graph\">{\"@context\":\"https:\/\/schema.org\",\"@graph\":[{\"@type\":\"WebPage\",\"@id\":\"https:\/\/www.smukshop.fi\/\",\"url\":\"https:\/\/www.smukshop.fi\/\",\"name\":\"SMUK. Kirpputori Rovaniemell\u00e4 ja Oulussa\",\"isPartOf\":{\"@id\":\"https:\/\/www.smukshop.fi\/#website\"},\"primaryImageOfPage\":{\"@id\":\"https:\/\/www.smukshop.fi\/#primaryimage\"},\"image\":{\"@id\":\"https:\/\/www.smukshop.fi\/#primaryimage\"},\"thumbnailUrl\":\"https:\/\/www.smukshop.fi\/wp-content\/uploads\/2023\/08\/smuk-LOGO-ISO.png\",\"datePublished\":\"2018-12-20T11:35:07+00:00\",\"dateModified\":\"2026-04-22T08:36:24+00:00\",\"description\":\"SMUKissa voit myyd\u00e4 helposti k\u00e4ytetyt vaatteesi ja tehd\u00e4 l\u00f6yt\u00f6j\u00e4 itsellesi. Smuk kirpputori on Oulussa ja Rovaniemell\u00e4!\",\"breadcrumb\":{\"@id\":\"https:\/\/www.smukshop.fi\/#breadcrumb\"},\"inLanguage\":\"en-GB\",\"potentialAction\":[{\"@type\":\"ReadAction\",\"target\":[\"https:\/\/www.smukshop.fi\/\"]}]},{\"@type\":\"ImageObject\",\"inLanguage\":\"en-GB\",\"@id\":\"https:\/\/www.smukshop.fi\/#primaryimage\",\"url\":\"https:\/\/www.smukshop.fi\/wp-content\/uploads\/2023\/08\/smuk-LOGO-ISO.png\",\"contentUrl\":\"https:\/\/www.smukshop.fi\/wp-content\/uploads\/2023\/08\/smuk-LOGO-ISO.png\"},{\"@type\":\"BreadcrumbList\",\"@id\":\"https:\/\/www.smukshop.fi\/#breadcrumb\",\"itemListElement\":[{\"@type\":\"ListItem\",\"position\":1,\"name\":\"Etusivu\",\"item\":\"https:\/\/www.smukshop.fi\/\"},{\"@type\":\"ListItem\",\"position\":2,\"name\":\"Etusivu\"}]},{\"@type\":\"WebSite\",\"@id\":\"https:\/\/www.smukshop.fi\/#website\",\"url\":\"https:\/\/www.smukshop.fi\/\",\"name\":\"SMUK.\",\"description\":\"Second Hand\",\"potentialAction\":[{\"@type\":\"SearchAction\",\"target\":{\"@type\":\"EntryPoint\",\"urlTemplate\":\"https:\/\/www.smukshop.fi\/?s={search_term_string}\"},\"query-input\":{\"@type\":\"PropertyValueSpecification\",\"valueRequired\":true,\"valueName\":\"search_term_string\"}}],\"inLanguage\":\"en-GB\"}]}<\/script>\n<!-- \/ Yoast SEO plugin. -->","yoast_head_json":{"title":"SMUK. Kirpputori Rovaniemell\u00e4 ja Oulussa","description":"SMUKissa voit myyd\u00e4 helposti k\u00e4ytetyt vaatteesi ja tehd\u00e4 l\u00f6yt\u00f6j\u00e4 itsellesi. Smuk kirpputori on Oulussa ja Rovaniemell\u00e4!","robots":{"index":"index","follow":"follow","max-snippet":"max-snippet:-1","max-image-preview":"max-image-preview:large","max-video-preview":"max-video-preview:-1"},"canonical":"https:\/\/www.smukshop.fi\/en\/","og_locale":"en_GB","og_type":"article","og_title":"SMUK. Kirpputori Rovaniemell\u00e4 ja Oulussa","og_description":"SMUKissa voit myyd\u00e4 helposti k\u00e4ytetyt vaatteesi ja tehd\u00e4 l\u00f6yt\u00f6j\u00e4 itsellesi. Smuk kirpputori on Oulussa ja Rovaniemell\u00e4!","og_url":"https:\/\/www.smukshop.fi\/en\/","og_site_name":"SMUK.","article_publisher":"https:\/\/www.facebook.com\/smukshopfinland\/","article_modified_time":"2026-04-22T08:36:24+00:00","og_image":[{"url":"https:\/\/www.smukshop.fi\/wp-content\/uploads\/2023\/08\/smuk-LOGO-ISO.png","type":"","width":"","height":""}],"twitter_card":"summary_large_image","twitter_misc":{"Estimated reading time":"1 minute"},"schema":{"@context":"https:\/\/schema.org","@graph":[{"@type":"WebPage","@id":"https:\/\/www.smukshop.fi\/","url":"https:\/\/www.smukshop.fi\/","name":"SMUK. Kirpputori Rovaniemell\u00e4 ja Oulussa","isPartOf":{"@id":"https:\/\/www.smukshop.fi\/#website"},"primaryImageOfPage":{"@id":"https:\/\/www.smukshop.fi\/#primaryimage"},"image":{"@id":"https:\/\/www.smukshop.fi\/#primaryimage"},"thumbnailUrl":"https:\/\/www.smukshop.fi\/wp-content\/uploads\/2023\/08\/smuk-LOGO-ISO.png","datePublished":"2018-12-20T11:35:07+00:00","dateModified":"2026-04-22T08:36:24+00:00","description":"SMUKissa voit myyd\u00e4 helposti k\u00e4ytetyt vaatteesi ja tehd\u00e4 l\u00f6yt\u00f6j\u00e4 itsellesi. Smuk kirpputori on Oulussa ja Rovaniemell\u00e4!","breadcrumb":{"@id":"https:\/\/www.smukshop.fi\/#breadcrumb"},"inLanguage":"en-GB","potentialAction":[{"@type":"ReadAction","target":["https:\/\/www.smukshop.fi\/"]}]},{"@type":"ImageObject","inLanguage":"en-GB","@id":"https:\/\/www.smukshop.fi\/#primaryimage","url":"https:\/\/www.smukshop.fi\/wp-content\/uploads\/2023\/08\/smuk-LOGO-ISO.png","contentUrl":"https:\/\/www.smukshop.fi\/wp-content\/uploads\/2023\/08\/smuk-LOGO-ISO.png"},{"@type":"BreadcrumbList","@id":"https:\/\/www.smukshop.fi\/#breadcrumb","itemListElement":[{"@type":"ListItem","position":1,"name":"Etusivu","item":"https:\/\/www.smukshop.fi\/"},{"@type":"ListItem","position":2,"name":"Etusivu"}]},{"@type":"WebSite","@id":"https:\/\/www.smukshop.fi\/#website","url":"https:\/\/www.smukshop.fi\/","name":"SMUK.","description":"Second Hand","potentialAction":[{"@type":"SearchAction","target":{"@type":"EntryPoint","urlTemplate":"https:\/\/www.smukshop.fi\/?s={search_term_string}"},"query-input":{"@type":"PropertyValueSpecification","valueRequired":true,"valueName":"search_term_string"}}],"inLanguage":"en-GB"}]}},"_links":{"self":[{"href":"https:\/\/www.smukshop.fi\/en\/wp-json\/wp\/v2\/pages\/855","targetHints":{"allow":["GET"]}}],"collection":[{"href":"https:\/\/www.smukshop.fi\/en\/wp-json\/wp\/v2\/pages"}],"about":[{"href":"https:\/\/www.smukshop.fi\/en\/wp-json\/wp\/v2\/types\/page"}],"author":[{"embeddable":true,"href":"https:\/\/www.smukshop.fi\/en\/wp-json\/wp\/v2\/users\/2"}],"replies":[{"embeddable":true,"href":"https:\/\/www.smukshop.fi\/en\/wp-json\/wp\/v2\/comments?post=855"}],"version-history":[{"count":421,"href":"https:\/\/www.smukshop.fi\/en\/wp-json\/wp\/v2\/pages\/855\/revisions"}],"predecessor-version":[{"id":5364,"href":"https:\/\/www.smukshop.fi\/en\/wp-json\/wp\/v2\/pages\/855\/revisions\/5364"}],"wp:attachment":[{"href":"https:\/\/www.smukshop.fi\/en\/wp-json\/wp\/v2\/media?parent=855"}],"curies":[{"name":"wp","href":"https:\/\/api.w.org\/{rel}","templated":true}]}}