{"id":4278,"date":"2023-01-30T10:08:47","date_gmt":"2023-01-30T07:08:47","guid":{"rendered":"https:\/\/www.smukshop.fi\/?page_id=4278"},"modified":"2024-07-15T06:29:50","modified_gmt":"2024-07-15T03:29:50","slug":"vinkkeja-myyjalle","status":"publish","type":"page","link":"https:\/\/www.smukshop.fi\/en\/vinkkeja-myyjalle\/","title":{"rendered":"TIPS FOR SELLERS"},"content":{"rendered":"<div data-elementor-type=\"wp-page\" data-elementor-id=\"4278\" class=\"elementor elementor-4278\" data-elementor-post-type=\"page\">\n\t\t\t\t\t\t<section class=\"elementor-section elementor-top-section elementor-element elementor-element-69ff223 elementor-section-height-min-height elementor-section-content-middle elementor-section-boxed elementor-section-height-default elementor-section-items-middle\" data-id=\"69ff223\" data-element_type=\"section\" data-settings=\"{&quot;background_background&quot;:&quot;classic&quot;,&quot;shape_divider_bottom&quot;:&quot;waves&quot;}\">\n\t\t\t\t\t\t\t<div class=\"elementor-background-overlay\"><\/div>\n\t\t\t\t\t\t<div class=\"elementor-shape elementor-shape-bottom\" aria-hidden=\"true\" data-negative=\"false\">\n\t\t\t<svg xmlns=\"http:\/\/www.w3.org\/2000\/svg\" viewbox=\"0 0 1000 100\" preserveaspectratio=\"none\">\n\t<path class=\"elementor-shape-fill\" d=\"M421.9,6.5c22.6-2.5,51.5,0.4,75.5,5.3c23.6,4.9,70.9,23.5,100.5,35.7c75.8,32.2,133.7,44.5,192.6,49.7\tc23.6,2.1,48.7,3.5,103.4-2.5c54.7-6,106.2-25.6,106.2-25.6V0H0v30.3c0,0,72,32.6,158.4,30.5c39.2-0.7,92.8-6.7,134-22.4\tc21.2-8.1,52.2-18.2,79.7-24.2C399.3,7.9,411.6,7.5,421.9,6.5z\"\/>\n<\/svg>\t\t<\/div>\n\t\t\t\t\t<div class=\"elementor-container elementor-column-gap-default\">\n\t\t\t\t\t<div class=\"elementor-column elementor-col-100 elementor-top-column elementor-element elementor-element-4ad0e3f\" data-id=\"4ad0e3f\" data-element_type=\"column\">\n\t\t\t<div class=\"elementor-widget-wrap elementor-element-populated\">\n\t\t\t\t\t\t<div class=\"elementor-element elementor-element-d33ad3e elementor-widget elementor-widget-heading\" data-id=\"d33ad3e\" data-element_type=\"widget\" data-widget_type=\"heading.default\">\n\t\t\t\t<div class=\"elementor-widget-container\">\n\t\t\t\t\t<h1 class=\"elementor-heading-title elementor-size-default\">TIPS FOR SELLERS<\/h1>\t\t\t\t<\/div>\n\t\t\t\t<\/div>\n\t\t\t\t\t<\/div>\n\t\t<\/div>\n\t\t\t\t\t<\/div>\n\t\t<\/section>\n\t\t\t\t<section class=\"elementor-section elementor-top-section elementor-element elementor-element-6093dbf elementor-section-content-middle elementor-section-boxed elementor-section-height-default elementor-section-height-default\" data-id=\"6093dbf\" data-element_type=\"section\">\n\t\t\t\t\t\t<div class=\"elementor-container elementor-column-gap-no\">\n\t\t\t\t\t<div class=\"elementor-column elementor-col-100 elementor-top-column elementor-element elementor-element-6fbc39b\" data-id=\"6fbc39b\" data-element_type=\"column\">\n\t\t\t<div class=\"elementor-widget-wrap elementor-element-populated\">\n\t\t\t\t\t\t<section class=\"elementor-section elementor-inner-section elementor-element elementor-element-cf6fae4 elementor-section-content-middle elementor-section-boxed elementor-section-height-default elementor-section-height-default\" data-id=\"cf6fae4\" data-element_type=\"section\">\n\t\t\t\t\t\t<div class=\"elementor-container elementor-column-gap-no\">\n\t\t\t\t\t<div class=\"elementor-column elementor-col-66 elementor-inner-column elementor-element elementor-element-75b2fdb\" data-id=\"75b2fdb\" data-element_type=\"column\">\n\t\t\t<div class=\"elementor-widget-wrap elementor-element-populated\">\n\t\t\t\t\t\t<div class=\"elementor-element elementor-element-11a04d5 elementor-widget elementor-widget-image\" data-id=\"11a04d5\" data-element_type=\"widget\" data-widget_type=\"image.default\">\n\t\t\t\t<div class=\"elementor-widget-container\">\n\t\t\t\t\t\t\t\t\t\t\t\t\t\t\t<img fetchpriority=\"high\" decoding=\"async\" width=\"768\" height=\"604\" src=\"https:\/\/www.smukshop.fi\/wp-content\/uploads\/2022\/07\/smuk1-768x604.jpg\" class=\"attachment-medium_large size-medium_large wp-image-4117\" alt=\"Smuk kirpputori Rovaniemi ja Oulu\" srcset=\"https:\/\/www.smukshop.fi\/wp-content\/uploads\/2022\/07\/smuk1-768x604.jpg 768w, https:\/\/www.smukshop.fi\/wp-content\/uploads\/2022\/07\/smuk1-300x236.jpg 300w, https:\/\/www.smukshop.fi\/wp-content\/uploads\/2022\/07\/smuk1-1024x806.jpg 1024w, https:\/\/www.smukshop.fi\/wp-content\/uploads\/2022\/07\/smuk1.jpg 1080w\" sizes=\"(max-width: 768px) 100vw, 768px\" \/>\t\t\t\t\t\t\t\t\t\t\t\t\t\t\t<\/div>\n\t\t\t\t<\/div>\n\t\t\t\t\t<\/div>\n\t\t<\/div>\n\t\t\t\t<div class=\"elementor-column elementor-col-33 elementor-inner-column elementor-element elementor-element-5feb3c7\" data-id=\"5feb3c7\" data-element_type=\"column\" data-settings=\"{&quot;background_background&quot;:&quot;classic&quot;}\">\n\t\t\t<div class=\"elementor-widget-wrap elementor-element-populated\">\n\t\t\t\t\t\t<div class=\"elementor-element elementor-element-48cb880 elementor-widget elementor-widget-heading\" data-id=\"48cb880\" data-element_type=\"widget\" data-widget_type=\"heading.default\">\n\t\t\t\t<div class=\"elementor-widget-container\">\n\t\t\t\t\t<h2 class=\"elementor-heading-title elementor-size-default\">The 5 best-selling second hand items<\/h2>\t\t\t\t<\/div>\n\t\t\t\t<\/div>\n\t\t\t\t<div class=\"elementor-element elementor-element-3dad905 elementor-widget-divider--view-line elementor-widget elementor-widget-divider\" data-id=\"3dad905\" data-element_type=\"widget\" data-widget_type=\"divider.default\">\n\t\t\t\t<div class=\"elementor-widget-container\">\n\t\t\t\t\t\t\t<div class=\"elementor-divider\">\n\t\t\t<span class=\"elementor-divider-separator\">\n\t\t\t\t\t\t<\/span>\n\t\t<\/div>\n\t\t\t\t\t\t<\/div>\n\t\t\t\t<\/div>\n\t\t\t\t<div class=\"elementor-element elementor-element-b541eab elementor-widget elementor-widget-heading\" data-id=\"b541eab\" data-element_type=\"widget\" data-widget_type=\"heading.default\">\n\t\t\t\t<div class=\"elementor-widget-container\">\n\t\t\t\t\t<h3 class=\"elementor-heading-title elementor-size-default\">1. High-quality knitwear<\/h3>\t\t\t\t<\/div>\n\t\t\t\t<\/div>\n\t\t\t\t<div class=\"elementor-element elementor-element-0f458ea elementor-widget elementor-widget-heading\" data-id=\"0f458ea\" data-element_type=\"widget\" data-widget_type=\"heading.default\">\n\t\t\t\t<div class=\"elementor-widget-container\">\n\t\t\t\t\t<h3 class=\"elementor-heading-title elementor-size-default\">2. Wide-leg trousers and jeans<\/h3>\t\t\t\t<\/div>\n\t\t\t\t<\/div>\n\t\t\t\t<div class=\"elementor-element elementor-element-06ca100 elementor-widget elementor-widget-heading\" data-id=\"06ca100\" data-element_type=\"widget\" data-widget_type=\"heading.default\">\n\t\t\t\t<div class=\"elementor-widget-container\">\n\t\t\t\t\t<h3 class=\"elementor-heading-title elementor-size-default\">3. Marimekko clothing and accessories<\/h3>\t\t\t\t<\/div>\n\t\t\t\t<\/div>\n\t\t\t\t<div class=\"elementor-element elementor-element-267ae30 elementor-widget elementor-widget-heading\" data-id=\"267ae30\" data-element_type=\"widget\" data-widget_type=\"heading.default\">\n\t\t\t\t<div class=\"elementor-widget-container\">\n\t\t\t\t\t<h3 class=\"elementor-heading-title elementor-size-default\">4. Dresses suitable for everyday wear<\/h3>\t\t\t\t<\/div>\n\t\t\t\t<\/div>\n\t\t\t\t<div class=\"elementor-element elementor-element-d350f3a elementor-widget elementor-widget-heading\" data-id=\"d350f3a\" data-element_type=\"widget\" data-widget_type=\"heading.default\">\n\t\t\t\t<div class=\"elementor-widget-container\">\n\t\t\t\t\t<h3 class=\"elementor-heading-title elementor-size-default\">5. Combat boots<\/h3>\t\t\t\t<\/div>\n\t\t\t\t<\/div>\n\t\t\t\t\t<\/div>\n\t\t<\/div>\n\t\t\t\t\t<\/div>\n\t\t<\/section>\n\t\t\t\t\t<\/div>\n\t\t<\/div>\n\t\t\t\t\t<\/div>\n\t\t<\/section>\n\t\t\t\t<section class=\"elementor-section elementor-top-section elementor-element elementor-element-ec84071 elementor-section-boxed elementor-section-height-default elementor-section-height-default\" data-id=\"ec84071\" data-element_type=\"section\">\n\t\t\t\t\t\t<div class=\"elementor-container elementor-column-gap-default\">\n\t\t\t\t\t<div class=\"elementor-column elementor-col-100 elementor-top-column elementor-element elementor-element-bda09cf\" data-id=\"bda09cf\" data-element_type=\"column\">\n\t\t\t<div class=\"elementor-widget-wrap elementor-element-populated\">\n\t\t\t\t\t\t<div class=\"elementor-element elementor-element-31b2b1b elementor-widget elementor-widget-heading\" data-id=\"31b2b1b\" data-element_type=\"widget\" data-widget_type=\"heading.default\">\n\t\t\t\t<div class=\"elementor-widget-container\">\n\t\t\t\t\t<h2 class=\"elementor-heading-title elementor-size-default\">Please note when selling<\/h2>\t\t\t\t<\/div>\n\t\t\t\t<\/div>\n\t\t\t\t<div class=\"elementor-element elementor-element-3b8e379 elementor-widget elementor-widget-heading\" data-id=\"3b8e379\" data-element_type=\"widget\" data-widget_type=\"heading.default\">\n\t\t\t\t<div class=\"elementor-widget-container\">\n\t\t\t\t\t<h4 class=\"elementor-heading-title elementor-size-default\"><p style=\"font-size: 19px;font-style: normal\">Price your products realistically.<br>Price tag stickers should be attached to the products on Smuk's own cardboard tags. This will ensure they stay in place as well as possible.<br>Only sell products that are in good condition and intact. Selling pirated products is prohibited.&nbsp;<br>Do not overfill the sales rack. Instead, replenish products evenly throughout the sales period.&nbsp;<br>As an additional service (\u20ac5), bring us a bag of priced clothes and accessories, and we will replenish your rack throughout your sales period.<br>After your sales period ends, we can clear your rack for you for an additional fee of \u20ac10.<\/p><span style=\"font-size: 19px;font-style: normal\">If you wish, you can promote your sales period on social media by tagging us.<\/span><span style=\"font-size: 19px;font-style: normal\">&nbsp;<\/span><strong style=\"font-size: 19px;font-style: normal\">@smukshoprovaniemi \/ @smukshopoulu<\/strong><span style=\"font-size: 19px;font-style: normal\">so that we can share your post (your profile must be public).<\/span><\/h4>\t\t\t\t<\/div>\n\t\t\t\t<\/div>\n\t\t\t\t<div class=\"elementor-element elementor-element-8e7f1ad elementor-widget elementor-widget-spacer\" data-id=\"8e7f1ad\" data-element_type=\"widget\" data-widget_type=\"spacer.default\">\n\t\t\t\t<div class=\"elementor-widget-container\">\n\t\t\t\t\t\t\t<div class=\"elementor-spacer\">\n\t\t\t<div class=\"elementor-spacer-inner\"><\/div>\n\t\t<\/div>\n\t\t\t\t\t\t<\/div>\n\t\t\t\t<\/div>\n\t\t\t\t\t<\/div>\n\t\t<\/div>\n\t\t\t\t\t<\/div>\n\t\t<\/section>\n\t\t\t\t<\/div>","protected":false},"excerpt":{"rendered":"<p>VINKKEJ\u00c4 MYYJ\u00c4LLE 5. parhaiten myyv\u00e4\u00e4 tuotetta kirpparilla 1. Laadukkaat neuleet 2. Leve\u00e4lahkeiset housut ja farkut 3. Marimekon vaatteet ja asusteet 4. Arkik\u00e4ytt\u00f6\u00f6n sopivat mekot 5. Maiharit Huomioi tuodessa myyntiin Hinnoittele tuotteesi realistisesti.Hintalapputarrat tulee kiinnitt\u00e4\u00e4 tuotteisiin&nbsp; Smukin omiin taustapahveihin. N\u00e4in ne pysyv\u00e4t paikallaan mahdollisimman hyvin.Tuo myyntiin ainoastaan hyv\u00e4kuntoisia ja ehji\u00e4 tuotteita. Piraattituotteiden myynti on kielletty\u00e4.&nbsp;\u00c4l\u00e4 laita [&hellip;]<\/p>","protected":false},"author":5,"featured_media":0,"parent":0,"menu_order":0,"comment_status":"closed","ping_status":"closed","template":"","meta":{"site-sidebar-layout":"no-sidebar","site-content-layout":"page-builder","ast-site-content-layout":"default","site-content-style":"default","site-sidebar-style":"default","ast-global-header-display":"","ast-banner-title-visibility":"","ast-main-header-display":"","ast-hfb-above-header-display":"","ast-hfb-below-header-display":"","ast-hfb-mobile-header-display":"","site-post-title":"disabled","ast-breadcrumbs-content":"","ast-featured-img":"disabled","footer-sml-layout":"","theme-transparent-header-meta":"","adv-header-id-meta":"","stick-header-meta":"","header-above-stick-meta":"","header-main-stick-meta":"","header-below-stick-meta":"","astra-migrate-meta-layouts":"default","ast-page-background-enabled":"default","ast-page-background-meta":{"desktop":{"background-color":"","background-image":"","background-repeat":"repeat","background-position":"center center","background-size":"auto","background-attachment":"scroll","background-type":"","background-media":"","overlay-type":"","overlay-color":"","overlay-opacity":"","overlay-gradient":""},"tablet":{"background-color":"","background-image":"","background-repeat":"repeat","background-position":"center center","background-size":"auto","background-attachment":"scroll","background-type":"","background-media":"","overlay-type":"","overlay-color":"","overlay-opacity":"","overlay-gradient":""},"mobile":{"background-color":"","background-image":"","background-repeat":"repeat","background-position":"center center","background-size":"auto","background-attachment":"scroll","background-type":"","background-media":"","overlay-type":"","overlay-color":"","overlay-opacity":"","overlay-gradient":""}},"ast-content-background-meta":{"desktop":{"background-color":"var(--ast-global-color-5)","background-image":"","background-repeat":"repeat","background-position":"center center","background-size":"auto","background-attachment":"scroll","background-type":"","background-media":"","overlay-type":"","overlay-color":"","overlay-opacity":"","overlay-gradient":""},"tablet":{"background-color":"var(--ast-global-color-5)","background-image":"","background-repeat":"repeat","background-position":"center center","background-size":"auto","background-attachment":"scroll","background-type":"","background-media":"","overlay-type":"","overlay-color":"","overlay-opacity":"","overlay-gradient":""},"mobile":{"background-color":"var(--ast-global-color-5)","background-image":"","background-repeat":"repeat","background-position":"center center","background-size":"auto","background-attachment":"scroll","background-type":"","background-media":"","overlay-type":"","overlay-color":"","overlay-opacity":"","overlay-gradient":""}},"footnotes":""},"class_list":["post-4278","page","type-page","status-publish","hentry"],"yoast_head":"<!-- This site is optimized with the Yoast SEO plugin v26.0 - https:\/\/yoast.com\/wordpress\/plugins\/seo\/ -->\n<title>N\u00e4m\u00e4 5 tuotetta myyv\u00e4t kirpparilla nyt - SMUK.<\/title>\n<meta name=\"description\" content=\"Lue Smuk-kirpparin 5. parhaiten myyv\u00e4\u00e4 tuotetta ja vinkit siihen, miten onnistut saamaan parhaan tuoton myyntijaksostasi.\" \/>\n<meta name=\"robots\" content=\"index, follow, max-snippet:-1, max-image-preview:large, max-video-preview:-1\" \/>\n<link rel=\"canonical\" href=\"https:\/\/www.smukshop.fi\/en\/vinkkeja-myyjalle\/\" \/>\n<meta property=\"og:locale\" content=\"en_GB\" \/>\n<meta property=\"og:type\" content=\"article\" \/>\n<meta property=\"og:title\" content=\"N\u00e4m\u00e4 5 tuotetta myyv\u00e4t kirpparilla nyt - SMUK.\" \/>\n<meta property=\"og:description\" content=\"Lue Smuk-kirpparin 5. parhaiten myyv\u00e4\u00e4 tuotetta ja vinkit siihen, miten onnistut saamaan parhaan tuoton myyntijaksostasi.\" \/>\n<meta property=\"og:url\" content=\"https:\/\/www.smukshop.fi\/en\/vinkkeja-myyjalle\/\" \/>\n<meta property=\"og:site_name\" content=\"SMUK.\" \/>\n<meta property=\"article:publisher\" content=\"https:\/\/www.facebook.com\/smukshopfinland\/\" \/>\n<meta property=\"article:modified_time\" content=\"2024-07-15T03:29:50+00:00\" \/>\n<meta property=\"og:image\" content=\"https:\/\/www.smukshop.fi\/wp-content\/uploads\/2022\/07\/smuk1-768x604.jpg\" \/>\n<meta name=\"twitter:card\" content=\"summary_large_image\" \/>\n<meta name=\"twitter:label1\" content=\"Estimated reading time\" \/>\n\t<meta name=\"twitter:data1\" content=\"1 minute\" \/>\n<script type=\"application\/ld+json\" class=\"yoast-schema-graph\">{\"@context\":\"https:\/\/schema.org\",\"@graph\":[{\"@type\":\"WebPage\",\"@id\":\"https:\/\/www.smukshop.fi\/vinkkeja-myyjalle\/\",\"url\":\"https:\/\/www.smukshop.fi\/vinkkeja-myyjalle\/\",\"name\":\"N\u00e4m\u00e4 5 tuotetta myyv\u00e4t kirpparilla nyt - SMUK.\",\"isPartOf\":{\"@id\":\"https:\/\/www.smukshop.fi\/#website\"},\"primaryImageOfPage\":{\"@id\":\"https:\/\/www.smukshop.fi\/vinkkeja-myyjalle\/#primaryimage\"},\"image\":{\"@id\":\"https:\/\/www.smukshop.fi\/vinkkeja-myyjalle\/#primaryimage\"},\"thumbnailUrl\":\"https:\/\/www.smukshop.fi\/wp-content\/uploads\/2022\/07\/smuk1-768x604.jpg\",\"datePublished\":\"2023-01-30T07:08:47+00:00\",\"dateModified\":\"2024-07-15T03:29:50+00:00\",\"description\":\"Lue Smuk-kirpparin 5. parhaiten myyv\u00e4\u00e4 tuotetta ja vinkit siihen, miten onnistut saamaan parhaan tuoton myyntijaksostasi.\",\"breadcrumb\":{\"@id\":\"https:\/\/www.smukshop.fi\/vinkkeja-myyjalle\/#breadcrumb\"},\"inLanguage\":\"en-GB\",\"potentialAction\":[{\"@type\":\"ReadAction\",\"target\":[\"https:\/\/www.smukshop.fi\/vinkkeja-myyjalle\/\"]}]},{\"@type\":\"ImageObject\",\"inLanguage\":\"en-GB\",\"@id\":\"https:\/\/www.smukshop.fi\/vinkkeja-myyjalle\/#primaryimage\",\"url\":\"https:\/\/www.smukshop.fi\/wp-content\/uploads\/2022\/07\/smuk1-768x604.jpg\",\"contentUrl\":\"https:\/\/www.smukshop.fi\/wp-content\/uploads\/2022\/07\/smuk1-768x604.jpg\"},{\"@type\":\"BreadcrumbList\",\"@id\":\"https:\/\/www.smukshop.fi\/vinkkeja-myyjalle\/#breadcrumb\",\"itemListElement\":[{\"@type\":\"ListItem\",\"position\":1,\"name\":\"Etusivu\",\"item\":\"https:\/\/www.smukshop.fi\/\"},{\"@type\":\"ListItem\",\"position\":2,\"name\":\"VINKKEJ\u00c4 MYYJ\u00c4LLE\"}]},{\"@type\":\"WebSite\",\"@id\":\"https:\/\/www.smukshop.fi\/#website\",\"url\":\"https:\/\/www.smukshop.fi\/\",\"name\":\"SMUK.\",\"description\":\"Second Hand\",\"potentialAction\":[{\"@type\":\"SearchAction\",\"target\":{\"@type\":\"EntryPoint\",\"urlTemplate\":\"https:\/\/www.smukshop.fi\/?s={search_term_string}\"},\"query-input\":{\"@type\":\"PropertyValueSpecification\",\"valueRequired\":true,\"valueName\":\"search_term_string\"}}],\"inLanguage\":\"en-GB\"}]}<\/script>\n<!-- \/ Yoast SEO plugin. -->","yoast_head_json":{"title":"N\u00e4m\u00e4 5 tuotetta myyv\u00e4t kirpparilla nyt - SMUK.","description":"Lue Smuk-kirpparin 5. parhaiten myyv\u00e4\u00e4 tuotetta ja vinkit siihen, miten onnistut saamaan parhaan tuoton myyntijaksostasi.","robots":{"index":"index","follow":"follow","max-snippet":"max-snippet:-1","max-image-preview":"max-image-preview:large","max-video-preview":"max-video-preview:-1"},"canonical":"https:\/\/www.smukshop.fi\/en\/vinkkeja-myyjalle\/","og_locale":"en_GB","og_type":"article","og_title":"N\u00e4m\u00e4 5 tuotetta myyv\u00e4t kirpparilla nyt - SMUK.","og_description":"Lue Smuk-kirpparin 5. parhaiten myyv\u00e4\u00e4 tuotetta ja vinkit siihen, miten onnistut saamaan parhaan tuoton myyntijaksostasi.","og_url":"https:\/\/www.smukshop.fi\/en\/vinkkeja-myyjalle\/","og_site_name":"SMUK.","article_publisher":"https:\/\/www.facebook.com\/smukshopfinland\/","article_modified_time":"2024-07-15T03:29:50+00:00","og_image":[{"url":"https:\/\/www.smukshop.fi\/wp-content\/uploads\/2022\/07\/smuk1-768x604.jpg","type":"","width":"","height":""}],"twitter_card":"summary_large_image","twitter_misc":{"Estimated reading time":"1 minute"},"schema":{"@context":"https:\/\/schema.org","@graph":[{"@type":"WebPage","@id":"https:\/\/www.smukshop.fi\/vinkkeja-myyjalle\/","url":"https:\/\/www.smukshop.fi\/vinkkeja-myyjalle\/","name":"N\u00e4m\u00e4 5 tuotetta myyv\u00e4t kirpparilla nyt - SMUK.","isPartOf":{"@id":"https:\/\/www.smukshop.fi\/#website"},"primaryImageOfPage":{"@id":"https:\/\/www.smukshop.fi\/vinkkeja-myyjalle\/#primaryimage"},"image":{"@id":"https:\/\/www.smukshop.fi\/vinkkeja-myyjalle\/#primaryimage"},"thumbnailUrl":"https:\/\/www.smukshop.fi\/wp-content\/uploads\/2022\/07\/smuk1-768x604.jpg","datePublished":"2023-01-30T07:08:47+00:00","dateModified":"2024-07-15T03:29:50+00:00","description":"Lue Smuk-kirpparin 5. parhaiten myyv\u00e4\u00e4 tuotetta ja vinkit siihen, miten onnistut saamaan parhaan tuoton myyntijaksostasi.","breadcrumb":{"@id":"https:\/\/www.smukshop.fi\/vinkkeja-myyjalle\/#breadcrumb"},"inLanguage":"en-GB","potentialAction":[{"@type":"ReadAction","target":["https:\/\/www.smukshop.fi\/vinkkeja-myyjalle\/"]}]},{"@type":"ImageObject","inLanguage":"en-GB","@id":"https:\/\/www.smukshop.fi\/vinkkeja-myyjalle\/#primaryimage","url":"https:\/\/www.smukshop.fi\/wp-content\/uploads\/2022\/07\/smuk1-768x604.jpg","contentUrl":"https:\/\/www.smukshop.fi\/wp-content\/uploads\/2022\/07\/smuk1-768x604.jpg"},{"@type":"BreadcrumbList","@id":"https:\/\/www.smukshop.fi\/vinkkeja-myyjalle\/#breadcrumb","itemListElement":[{"@type":"ListItem","position":1,"name":"Etusivu","item":"https:\/\/www.smukshop.fi\/"},{"@type":"ListItem","position":2,"name":"VINKKEJ\u00c4 MYYJ\u00c4LLE"}]},{"@type":"WebSite","@id":"https:\/\/www.smukshop.fi\/#website","url":"https:\/\/www.smukshop.fi\/","name":"SMUK.","description":"Second Hand","potentialAction":[{"@type":"SearchAction","target":{"@type":"EntryPoint","urlTemplate":"https:\/\/www.smukshop.fi\/?s={search_term_string}"},"query-input":{"@type":"PropertyValueSpecification","valueRequired":true,"valueName":"search_term_string"}}],"inLanguage":"en-GB"}]}},"_links":{"self":[{"href":"https:\/\/www.smukshop.fi\/en\/wp-json\/wp\/v2\/pages\/4278","targetHints":{"allow":["GET"]}}],"collection":[{"href":"https:\/\/www.smukshop.fi\/en\/wp-json\/wp\/v2\/pages"}],"about":[{"href":"https:\/\/www.smukshop.fi\/en\/wp-json\/wp\/v2\/types\/page"}],"author":[{"embeddable":true,"href":"https:\/\/www.smukshop.fi\/en\/wp-json\/wp\/v2\/users\/5"}],"replies":[{"embeddable":true,"href":"https:\/\/www.smukshop.fi\/en\/wp-json\/wp\/v2\/comments?post=4278"}],"version-history":[{"count":29,"href":"https:\/\/www.smukshop.fi\/en\/wp-json\/wp\/v2\/pages\/4278\/revisions"}],"predecessor-version":[{"id":4909,"href":"https:\/\/www.smukshop.fi\/en\/wp-json\/wp\/v2\/pages\/4278\/revisions\/4909"}],"wp:attachment":[{"href":"https:\/\/www.smukshop.fi\/en\/wp-json\/wp\/v2\/media?parent=4278"}],"curies":[{"name":"wp","href":"https:\/\/api.w.org\/{rel}","templated":true}]}}