{"id":3676,"date":"2021-04-22T13:35:43","date_gmt":"2021-04-22T10:35:43","guid":{"rendered":"https:\/\/www.smukshop.fi\/?page_id=3676"},"modified":"2021-05-18T16:18:13","modified_gmt":"2021-05-18T13:18:13","slug":"tietosuojaseloste","status":"publish","type":"page","link":"https:\/\/www.smukshop.fi\/en\/tietosuojaseloste\/","title":{"rendered":"Privacy"},"content":{"rendered":"<div data-elementor-type=\"wp-page\" data-elementor-id=\"3676\" class=\"elementor elementor-3676\" data-elementor-post-type=\"page\">\n\t\t\t\t\t\t<section class=\"elementor-section elementor-top-section elementor-element elementor-element-1113d7b elementor-section-boxed elementor-section-height-default elementor-section-height-default\" data-id=\"1113d7b\" data-element_type=\"section\">\n\t\t\t\t\t\t<div class=\"elementor-container elementor-column-gap-default\">\n\t\t\t\t\t<div class=\"elementor-column elementor-col-100 elementor-top-column elementor-element elementor-element-f3d432a\" data-id=\"f3d432a\" data-element_type=\"column\">\n\t\t\t<div class=\"elementor-widget-wrap elementor-element-populated\">\n\t\t\t\t\t\t<div class=\"elementor-element elementor-element-77f0a72 elementor-widget elementor-widget-heading\" data-id=\"77f0a72\" data-element_type=\"widget\" data-widget_type=\"heading.default\">\n\t\t\t\t<div class=\"elementor-widget-container\">\n\t\t\t\t\t<h2 class=\"elementor-heading-title elementor-size-default\">Privacy<\/h2>\t\t\t\t<\/div>\n\t\t\t\t<\/div>\n\t\t\t\t\t<\/div>\n\t\t<\/div>\n\t\t\t\t\t<\/div>\n\t\t<\/section>\n\t\t\t\t<section class=\"elementor-section elementor-top-section elementor-element elementor-element-f62ddce elementor-section-boxed elementor-section-height-default elementor-section-height-default\" data-id=\"f62ddce\" data-element_type=\"section\">\n\t\t\t\t\t\t<div class=\"elementor-container elementor-column-gap-default\">\n\t\t\t\t\t<div class=\"elementor-column elementor-col-100 elementor-top-column elementor-element elementor-element-6c5dffd\" data-id=\"6c5dffd\" data-element_type=\"column\">\n\t\t\t<div class=\"elementor-widget-wrap elementor-element-populated\">\n\t\t\t\t\t\t<div class=\"elementor-element elementor-element-3bf2994 elementor-widget elementor-widget-text-editor\" data-id=\"3bf2994\" data-element_type=\"widget\" data-widget_type=\"text-editor.default\">\n\t\t\t\t<div class=\"elementor-widget-container\">\n\t\t\t\t\t\t\t\t\t<ol><li><b> Rekisterinpit\u00e4j\u00e4<\/b><\/li><\/ol><p><span style=\"font-weight: 400;\">Yritys: Smuk Shop Oy \u00a0 \u00a0 \u00a0 \u00a0 \u00a0 \u00a0 \u00a0 \u00a0 \u00a0 \u00a0 \u00a0 <\/span><\/p><p><span style=\"font-weight: 400;\">Y-tunnus: 3176812-7\u00a0 \u00a0 \u00a0 \u00a0 \u00a0 \u00a0 \u00a0 \u00a0 \u00a0 <\/span><\/p><p><span style=\"font-weight: 400;\">Osoite: Jaakonkatu 3\u00a0 \u00a0 \u00a0 \u00a0 \u00a0 \u00a0 \u00a0 \u00a0 \u00a0 <\/span><\/p><p><span style=\"font-weight: 400;\">Postinumero: 96200 \u00a0 \u00a0 \u00a0 \u00a0 \u00a0 \u00a0 <\/span><\/p><p><span style=\"font-weight: 400;\">Postitoimipaikka: Rovaniemi\u00a0 \u00a0 <\/span><\/p><p><span style=\"font-weight: 400;\">Puhelinnumero: 040 7798082 \u00a0 \u00a0 <\/span><\/p><p><span style=\"font-weight: 400;\">S\u00e4hk\u00f6postiosoite: info@smukshop.fi\u00a0 <\/span><\/p><p><span style=\"font-weight: 400;\">\u00a0<\/span><\/p><ol start=\"2\"><li><b> Rekisteriasioita hoitava henkil\u00f6<\/b><\/li><\/ol><p><span style=\"font-weight: 400;\">Yritys: Smuk Shop Oy \u00a0 \u00a0 \u00a0 \u00a0 \u00a0 \u00a0 \u00a0 \u00a0 \u00a0 \u00a0 \u00a0 <\/span><\/p><p><span style=\"font-weight: 400;\">Nimi: Maija \u00c4rv\u00e4s \u00a0 \u00a0 \u00a0 \u00a0 \u00a0 \u00a0 \u00a0 \u00a0 \u00a0 \u00a0 \u00a0 <\/span><\/p><p><span style=\"font-weight: 400;\">Osoite: Jaakonkatu 3\u00a0 \u00a0 \u00a0 \u00a0 \u00a0 \u00a0 \u00a0 \u00a0 \u00a0 \u00a0 \u00a0 <\/span><\/p><p><span style=\"font-weight: 400;\">Postinumero: 96200\u00a0 \u00a0 \u00a0 \u00a0 \u00a0 \u00a0 <\/span><\/p><p><span style=\"font-weight: 400;\">Postitoimipaikka: Rovaniemi\u00a0 \u00a0 \u00a0 \u00a0 <\/span><\/p><p><span style=\"font-weight: 400;\">Puhelinnumero: 040 7798082 \u00a0 \u00a0 \u00a0 \u00a0 <\/span><\/p><p><span style=\"font-weight: 400;\">S\u00e4hk\u00f6posti: info@smukshop.fi \u00a0 \u00a0 \u00a0 \u00a0 \u00a0 <\/span><\/p><p><span style=\"font-weight: 400;\">\u00a0<\/span><\/p><ol start=\"3\"><li><b> Rekisterin nimi<\/b><b><br \/><\/b><\/li><\/ol><p><span style=\"font-weight: 400;\">SMUK yhteydenotto rekisteri ja asiakasrekisteri.<\/span><\/p><p>\u00a0<\/p><ol start=\"4\"><li><b> Tietojen ker\u00e4\u00e4misen ja k\u00e4sittelyn peruste<br \/><\/b><\/li><\/ol><p><span style=\"font-weight: 400;\">Asiakkaan tietoja ker\u00e4t\u00e4\u00e4n ja k\u00e4sitell\u00e4\u00e4n asiakkaan suostumuksella, tai asiakkaan kanssa teht\u00e4v\u00e4n sopimuksen t\u00e4yt\u00e4nt\u00f6\u00f6n panemiseksi.<\/span><span style=\"font-weight: 400;\">\u00a0<\/span><\/p><p>\u00a0<\/p><ol start=\"5\"><li><b> Rekisterin tietosis\u00e4lt\u00f6<\/b><\/li><\/ol><p><span style=\"font-weight: 400;\">Rekisteriin tallennettavia tietoja ovat: <\/span><span style=\"font-weight: 400;\">henkil\u00f6n nimi, s\u00e4hk\u00f6postiosoite, puhelinnumero, osoite, tiedot ostetuista palveluista, hinnoiteltujen ja myytyjen tuotteiden tiedot, tilitiedot.<\/span><\/p><p><span style=\"font-weight: 400;\">\u00a0<\/span><\/p><ol start=\"6\"><li><b> Tietojen s\u00e4ilytysaika<\/b><\/li><\/ol><p><span style=\"font-weight: 400;\">Henkil\u00f6tiedot s\u00e4ilytet\u00e4\u00e4n niin kauan, kun niit\u00e4 tarvitaan asiakkaan kanssa k\u00e4yt\u00e4v\u00e4n viestinn\u00e4n p\u00e4\u00e4tt\u00e4miseksi, teht\u00e4v\u00e4n sopimuksen t\u00e4yt\u00e4nt\u00f6\u00f6npanemiseksi tai asiakaspalvelun kehitt\u00e4miseksi.<\/span><\/p><p><span style=\"font-weight: 400;\">\u00a0<\/span><\/p><ol start=\"7\"><li><b> S\u00e4\u00e4nn\u00f6nmukaiset tietol\u00e4hteet<\/b><\/li><\/ol><p><span style=\"font-weight: 400;\">Rekisteriin tallennettavat tiedot saadaan asiakkaalta mm. www-lomakkeilla l\u00e4hetetyist\u00e4 viesteist\u00e4, s\u00e4hk\u00f6postitse, puhelimitse, sosiaalisen median palvelujen kautta, sopimuksista, myyntijaksopalvelun kautta, asiakastapaamisista ja muista tilanteista, joissa asiakas luovuttaa tietojaan.<\/span><\/p><p><span style=\"font-weight: 400;\">Tietoja ker\u00e4t\u00e4\u00e4n my\u00f6s Google Analytics \u2013analytiikkaty\u00f6kalun avulla.<\/span><\/p><p><span style=\"font-weight: 400;\">\u00a0<\/span><\/p><ol start=\"8\"><li><b> S\u00e4\u00e4nn\u00f6nmukaiset tietojen luovutukset ja tietojen siirto EU:n tai Euroopan talousalueen ulkopuolelle<\/b><\/li><\/ol><p><span style=\"font-weight: 400;\">Tietoja ei s\u00e4\u00e4nn\u00f6nmukaisesti luovuteta yrityksen ulkopuolelle. Osa yrityksen k\u00e4ytt\u00e4mist\u00e4 ulkopuolisista palvelun- tai ohjelmistontarjoajista saattavat s\u00e4ilytt\u00e4\u00e4 tietoja EU:n tai Euroopan talousalueen ulkopuolella.<\/span><\/p><p><span style=\"font-weight: 400;\">\u00a0<\/span><\/p><ol start=\"9\"><li><b> Ev\u00e4steiden (cookies) k\u00e4ytt\u00f6<\/b><\/li><\/ol><p><span style=\"font-weight: 400;\">K\u00e4yt\u00e4mme sivuillamme ns. cookie-toimintoa eli ev\u00e4steit\u00e4. Ev\u00e4ste on pieni, k\u00e4ytt\u00e4j\u00e4n tietokoneelle l\u00e4hetett\u00e4v\u00e4 ja siell\u00e4 s\u00e4ilytett\u00e4v\u00e4 tekstitiedosto, joka mahdollistaa internet-sivujen yll\u00e4pit\u00e4j\u00e4n tunnistamaan usein sivuilla vierailevat k\u00e4vij\u00e4t, helpottamaan k\u00e4vij\u00f6iden kirjautumista sivuille sek\u00e4 mahdollistamaan yhdistelm\u00e4tiedon laatimisen k\u00e4vij\u00f6ist\u00e4. T\u00e4m\u00e4n palautteen avulla pystymme jatkuvasti parantamaan sivujemme sis\u00e4lt\u00f6\u00e4. Ev\u00e4steet eiv\u00e4t vahingoita k\u00e4ytt\u00e4jien tietokoneita tai tiedostoja. K\u00e4yt\u00e4mme niit\u00e4 siten, ett\u00e4 voimme tarjota asiakkaillemme kunkin yksil\u00f6ityjen tarpeiden mukaisia tietoja ja palveluita.<\/span><\/p><p><span style=\"font-weight: 400;\">Mik\u00e4li sivuillamme vieraileva k\u00e4ytt\u00e4j\u00e4 ei halua meid\u00e4n saavan edell\u00e4 mainittuja tietoja ev\u00e4steiden avulla, useimmat selainohjelmat mahdollistavat ev\u00e4ste-toiminnon poiskytkemisen. T\u00e4m\u00e4 tapahtuu yleens\u00e4 selaimen asetuksien kautta.<\/span><\/p><p><span style=\"font-weight: 400;\">On kuitenkin hyv\u00e4 ottaa huomioon se, ett\u00e4 ev\u00e4steet voivat olla tarpeellisia joidenkin yll\u00e4pit\u00e4miemme sivujen ja tarjoamiemme palveluiden asianmukaiselle toimimiselle.<\/span><\/p><p><span style=\"font-weight: 400;\">\u00a0<\/span><\/p><ol start=\"10\"><li><b> Rekisterin suojaus<\/b><\/li><\/ol><p><span style=\"font-weight: 400;\">Tiedot siirret\u00e4\u00e4n SSL-suojatun yhteyden ylitse.<\/span><\/p><p><span style=\"font-weight: 400;\">S\u00e4hk\u00f6iset tiedot on suojattu palomuurilla, k\u00e4ytt\u00e4j\u00e4tunnuksin ja salasanoin.<\/span><\/p><p>Tietojen k\u00e4ytt\u00f6oikeus on vain niill\u00e4 rekisterinpit\u00e4j\u00e4n<br \/>palveluksessa olevilla henkil\u00f6ill\u00e4, jotka tarvitsevat tietoja<br \/>teht\u00e4viss\u00e4\u00e4n sek\u00e4 j\u00e4rjestelm\u00e4n yll\u00e4pidosta vastaavilla<br \/>henkil\u00f6ill\u00e4.<\/p><p><span style=\"font-weight: 400;\">\u00a0<\/span><\/p><ol start=\"11\"><li><b> Automaattinen p\u00e4\u00e4t\u00f6ksenteko<\/b><\/li><\/ol><p><span style=\"font-weight: 400;\">Automatisoituja yksitt\u00e4isp\u00e4\u00e4t\u00f6ksi\u00e4 (EU:n tietosuoja-asetuksen artikla 22) ei tehd\u00e4.<\/span><\/p><p><span style=\"font-weight: 400;\">\u00a0<\/span><\/p><ol start=\"12\"><li><b> Rekister\u00f6idyn oikeudet<\/b><\/li><\/ol><p><span style=\"font-weight: 400;\">Rekister\u00f6idyll\u00e4 on oikeus tarkastaa, mit\u00e4 h\u00e4nt\u00e4 koskevia tietoja henkil\u00f6tietorekisteriin on talletettu. Kirjallinen tarkastuspyynt\u00f6 tulee l\u00e4hett\u00e4\u00e4 allekirjoitettuna rekisteriasioista vastaavalle henkil\u00f6lle.<\/span><\/p><p><span style=\"font-weight: 400;\">Tarkastusoikeus on maksuton enint\u00e4\u00e4n kerran vuodessa toteutettuna.<\/span><\/p><p><span style=\"font-weight: 400;\">Rekister\u00f6idyll\u00e4 on oikeus vaatia virheellisten tai vanhentuneiden tietojen oikaisua tai poistamista tai tietojen siirtoa j\u00e4rjestelm\u00e4st\u00e4 toiseen. H\u00e4nell\u00e4 on my\u00f6s oikeus rajoittaa tai vastustaa tietojensa k\u00e4sittely\u00e4 EU:n tietosuoja-asetuksen artiklojen 18 ja 21 mukaisesti.<\/span><\/p><p><span style=\"font-weight: 400;\">Rekister\u00f6idyll\u00e4 on oikeus peruuttaa aiemmin antamansa suostumus tietojen k\u00e4sittelylle tai tehd\u00e4 henkil\u00f6tietojensa k\u00e4sittelyyn liittyvist\u00e4 seikoista valitus valvontaviranomaiselle.<\/span><\/p><p><span style=\"font-weight: 400;\">Rekister\u00f6idyll\u00e4 on my\u00f6s oikeus kielt\u00e4\u00e4 tietojensa k\u00e4ytt\u00f6 suoramarkkinointitarkoituksiin.<\/span><\/p>\t\t\t\t\t\t\t\t<\/div>\n\t\t\t\t<\/div>\n\t\t\t\t\t<\/div>\n\t\t<\/div>\n\t\t\t\t\t<\/div>\n\t\t<\/section>\n\t\t\t\t<\/div>","protected":false},"excerpt":{"rendered":"<p>Tietosuojaseloste Rekisterinpit\u00e4j\u00e4 Yritys: Smuk Shop Oy \u00a0 \u00a0 \u00a0 \u00a0 \u00a0 \u00a0 \u00a0 \u00a0 \u00a0 \u00a0 \u00a0 Y-tunnus: 3176812-7\u00a0 \u00a0 \u00a0 \u00a0 \u00a0 \u00a0 \u00a0 \u00a0 \u00a0 Osoite: Jaakonkatu 3\u00a0 \u00a0 \u00a0 \u00a0 \u00a0 \u00a0 \u00a0 \u00a0 \u00a0 Postinumero: 96200 \u00a0 \u00a0 \u00a0 \u00a0 \u00a0 \u00a0 Postitoimipaikka: Rovaniemi\u00a0 \u00a0 Puhelinnumero: 040 7798082 \u00a0 \u00a0 S\u00e4hk\u00f6postiosoite: [&hellip;]<\/p>","protected":false},"author":3,"featured_media":0,"parent":0,"menu_order":0,"comment_status":"closed","ping_status":"closed","template":"","meta":{"site-sidebar-layout":"no-sidebar","site-content-layout":"page-builder","ast-site-content-layout":"default","site-content-style":"default","site-sidebar-style":"default","ast-global-header-display":"","ast-banner-title-visibility":"","ast-main-header-display":"","ast-hfb-above-header-display":"","ast-hfb-below-header-display":"","ast-hfb-mobile-header-display":"","site-post-title":"disabled","ast-breadcrumbs-content":"","ast-featured-img":"disabled","footer-sml-layout":"","theme-transparent-header-meta":"default","adv-header-id-meta":"","stick-header-meta":"","header-above-stick-meta":"","header-main-stick-meta":"","header-below-stick-meta":"","astra-migrate-meta-layouts":"default","ast-page-background-enabled":"default","ast-page-background-meta":{"desktop":{"background-color":"","background-image":"","background-repeat":"repeat","background-position":"center center","background-size":"auto","background-attachment":"scroll","background-type":"","background-media":"","overlay-type":"","overlay-color":"","overlay-opacity":"","overlay-gradient":""},"tablet":{"background-color":"","background-image":"","background-repeat":"repeat","background-position":"center center","background-size":"auto","background-attachment":"scroll","background-type":"","background-media":"","overlay-type":"","overlay-color":"","overlay-opacity":"","overlay-gradient":""},"mobile":{"background-color":"","background-image":"","background-repeat":"repeat","background-position":"center center","background-size":"auto","background-attachment":"scroll","background-type":"","background-media":"","overlay-type":"","overlay-color":"","overlay-opacity":"","overlay-gradient":""}},"ast-content-background-meta":{"desktop":{"background-color":"var(--ast-global-color-5)","background-image":"","background-repeat":"repeat","background-position":"center center","background-size":"auto","background-attachment":"scroll","background-type":"","background-media":"","overlay-type":"","overlay-color":"","overlay-opacity":"","overlay-gradient":""},"tablet":{"background-color":"var(--ast-global-color-5)","background-image":"","background-repeat":"repeat","background-position":"center center","background-size":"auto","background-attachment":"scroll","background-type":"","background-media":"","overlay-type":"","overlay-color":"","overlay-opacity":"","overlay-gradient":""},"mobile":{"background-color":"var(--ast-global-color-5)","background-image":"","background-repeat":"repeat","background-position":"center center","background-size":"auto","background-attachment":"scroll","background-type":"","background-media":"","overlay-type":"","overlay-color":"","overlay-opacity":"","overlay-gradient":""}},"footnotes":""},"class_list":["post-3676","page","type-page","status-publish","hentry"],"yoast_head":"<!-- This site is optimized with the Yoast SEO plugin v26.0 - https:\/\/yoast.com\/wordpress\/plugins\/seo\/ -->\n<title>Tietosuojaseloste - SMUK.<\/title>\n<meta name=\"robots\" content=\"index, follow, max-snippet:-1, max-image-preview:large, max-video-preview:-1\" \/>\n<link rel=\"canonical\" href=\"https:\/\/www.smukshop.fi\/en\/tietosuojaseloste\/\" \/>\n<meta property=\"og:locale\" content=\"en_GB\" \/>\n<meta property=\"og:type\" content=\"article\" \/>\n<meta property=\"og:title\" content=\"Tietosuojaseloste - SMUK.\" \/>\n<meta property=\"og:description\" content=\"Tietosuojaseloste Rekisterinpit\u00e4j\u00e4 Yritys: Smuk Shop Oy \u00a0 \u00a0 \u00a0 \u00a0 \u00a0 \u00a0 \u00a0 \u00a0 \u00a0 \u00a0 \u00a0 Y-tunnus: 3176812-7\u00a0 \u00a0 \u00a0 \u00a0 \u00a0 \u00a0 \u00a0 \u00a0 \u00a0 Osoite: Jaakonkatu 3\u00a0 \u00a0 \u00a0 \u00a0 \u00a0 \u00a0 \u00a0 \u00a0 \u00a0 Postinumero: 96200 \u00a0 \u00a0 \u00a0 \u00a0 \u00a0 \u00a0 Postitoimipaikka: Rovaniemi\u00a0 \u00a0 Puhelinnumero: 040 7798082 \u00a0 \u00a0 S\u00e4hk\u00f6postiosoite: [&hellip;]\" \/>\n<meta property=\"og:url\" content=\"https:\/\/www.smukshop.fi\/en\/tietosuojaseloste\/\" \/>\n<meta property=\"og:site_name\" content=\"SMUK.\" \/>\n<meta property=\"article:publisher\" content=\"https:\/\/www.facebook.com\/smukshopfinland\/\" \/>\n<meta property=\"article:modified_time\" content=\"2021-05-18T13:18:13+00:00\" \/>\n<meta name=\"twitter:card\" content=\"summary_large_image\" \/>\n<meta name=\"twitter:label1\" content=\"Estimated reading time\" \/>\n\t<meta name=\"twitter:data1\" content=\"3 minutes\" \/>\n<script type=\"application\/ld+json\" class=\"yoast-schema-graph\">{\"@context\":\"https:\/\/schema.org\",\"@graph\":[{\"@type\":\"WebPage\",\"@id\":\"https:\/\/www.smukshop.fi\/tietosuojaseloste\/\",\"url\":\"https:\/\/www.smukshop.fi\/tietosuojaseloste\/\",\"name\":\"Tietosuojaseloste - SMUK.\",\"isPartOf\":{\"@id\":\"https:\/\/www.smukshop.fi\/#website\"},\"datePublished\":\"2021-04-22T10:35:43+00:00\",\"dateModified\":\"2021-05-18T13:18:13+00:00\",\"breadcrumb\":{\"@id\":\"https:\/\/www.smukshop.fi\/tietosuojaseloste\/#breadcrumb\"},\"inLanguage\":\"en-GB\",\"potentialAction\":[{\"@type\":\"ReadAction\",\"target\":[\"https:\/\/www.smukshop.fi\/tietosuojaseloste\/\"]}]},{\"@type\":\"BreadcrumbList\",\"@id\":\"https:\/\/www.smukshop.fi\/tietosuojaseloste\/#breadcrumb\",\"itemListElement\":[{\"@type\":\"ListItem\",\"position\":1,\"name\":\"Etusivu\",\"item\":\"https:\/\/www.smukshop.fi\/\"},{\"@type\":\"ListItem\",\"position\":2,\"name\":\"Tietosuojaseloste\"}]},{\"@type\":\"WebSite\",\"@id\":\"https:\/\/www.smukshop.fi\/#website\",\"url\":\"https:\/\/www.smukshop.fi\/\",\"name\":\"SMUK.\",\"description\":\"Second Hand\",\"potentialAction\":[{\"@type\":\"SearchAction\",\"target\":{\"@type\":\"EntryPoint\",\"urlTemplate\":\"https:\/\/www.smukshop.fi\/?s={search_term_string}\"},\"query-input\":{\"@type\":\"PropertyValueSpecification\",\"valueRequired\":true,\"valueName\":\"search_term_string\"}}],\"inLanguage\":\"en-GB\"}]}<\/script>\n<!-- \/ Yoast SEO plugin. -->","yoast_head_json":{"title":"Tietosuojaseloste - SMUK.","robots":{"index":"index","follow":"follow","max-snippet":"max-snippet:-1","max-image-preview":"max-image-preview:large","max-video-preview":"max-video-preview:-1"},"canonical":"https:\/\/www.smukshop.fi\/en\/tietosuojaseloste\/","og_locale":"en_GB","og_type":"article","og_title":"Tietosuojaseloste - SMUK.","og_description":"Tietosuojaseloste Rekisterinpit\u00e4j\u00e4 Yritys: Smuk Shop Oy \u00a0 \u00a0 \u00a0 \u00a0 \u00a0 \u00a0 \u00a0 \u00a0 \u00a0 \u00a0 \u00a0 Y-tunnus: 3176812-7\u00a0 \u00a0 \u00a0 \u00a0 \u00a0 \u00a0 \u00a0 \u00a0 \u00a0 Osoite: Jaakonkatu 3\u00a0 \u00a0 \u00a0 \u00a0 \u00a0 \u00a0 \u00a0 \u00a0 \u00a0 Postinumero: 96200 \u00a0 \u00a0 \u00a0 \u00a0 \u00a0 \u00a0 Postitoimipaikka: Rovaniemi\u00a0 \u00a0 Puhelinnumero: 040 7798082 \u00a0 \u00a0 S\u00e4hk\u00f6postiosoite: [&hellip;]","og_url":"https:\/\/www.smukshop.fi\/en\/tietosuojaseloste\/","og_site_name":"SMUK.","article_publisher":"https:\/\/www.facebook.com\/smukshopfinland\/","article_modified_time":"2021-05-18T13:18:13+00:00","twitter_card":"summary_large_image","twitter_misc":{"Estimated reading time":"3 minutes"},"schema":{"@context":"https:\/\/schema.org","@graph":[{"@type":"WebPage","@id":"https:\/\/www.smukshop.fi\/tietosuojaseloste\/","url":"https:\/\/www.smukshop.fi\/tietosuojaseloste\/","name":"Tietosuojaseloste - SMUK.","isPartOf":{"@id":"https:\/\/www.smukshop.fi\/#website"},"datePublished":"2021-04-22T10:35:43+00:00","dateModified":"2021-05-18T13:18:13+00:00","breadcrumb":{"@id":"https:\/\/www.smukshop.fi\/tietosuojaseloste\/#breadcrumb"},"inLanguage":"en-GB","potentialAction":[{"@type":"ReadAction","target":["https:\/\/www.smukshop.fi\/tietosuojaseloste\/"]}]},{"@type":"BreadcrumbList","@id":"https:\/\/www.smukshop.fi\/tietosuojaseloste\/#breadcrumb","itemListElement":[{"@type":"ListItem","position":1,"name":"Etusivu","item":"https:\/\/www.smukshop.fi\/"},{"@type":"ListItem","position":2,"name":"Tietosuojaseloste"}]},{"@type":"WebSite","@id":"https:\/\/www.smukshop.fi\/#website","url":"https:\/\/www.smukshop.fi\/","name":"SMUK.","description":"Second Hand","potentialAction":[{"@type":"SearchAction","target":{"@type":"EntryPoint","urlTemplate":"https:\/\/www.smukshop.fi\/?s={search_term_string}"},"query-input":{"@type":"PropertyValueSpecification","valueRequired":true,"valueName":"search_term_string"}}],"inLanguage":"en-GB"}]}},"_links":{"self":[{"href":"https:\/\/www.smukshop.fi\/en\/wp-json\/wp\/v2\/pages\/3676","targetHints":{"allow":["GET"]}}],"collection":[{"href":"https:\/\/www.smukshop.fi\/en\/wp-json\/wp\/v2\/pages"}],"about":[{"href":"https:\/\/www.smukshop.fi\/en\/wp-json\/wp\/v2\/types\/page"}],"author":[{"embeddable":true,"href":"https:\/\/www.smukshop.fi\/en\/wp-json\/wp\/v2\/users\/3"}],"replies":[{"embeddable":true,"href":"https:\/\/www.smukshop.fi\/en\/wp-json\/wp\/v2\/comments?post=3676"}],"version-history":[{"count":12,"href":"https:\/\/www.smukshop.fi\/en\/wp-json\/wp\/v2\/pages\/3676\/revisions"}],"predecessor-version":[{"id":3761,"href":"https:\/\/www.smukshop.fi\/en\/wp-json\/wp\/v2\/pages\/3676\/revisions\/3761"}],"wp:attachment":[{"href":"https:\/\/www.smukshop.fi\/en\/wp-json\/wp\/v2\/media?parent=3676"}],"curies":[{"name":"wp","href":"https:\/\/api.w.org\/{rel}","templated":true}]}}