{"id":2246,"date":"2018-12-21T06:29:53","date_gmt":"2018-12-21T06:29:53","guid":{"rendered":"https:\/\/www.smukshop.fi\/contact-me\/"},"modified":"2026-03-26T20:37:20","modified_gmt":"2026-03-26T17:37:20","slug":"yhteystiedot","status":"publish","type":"page","link":"https:\/\/www.smukshop.fi\/en\/yhteystiedot\/","title":{"rendered":"Contact"},"content":{"rendered":"<div data-elementor-type=\"wp-post\" data-elementor-id=\"2246\" class=\"elementor elementor-2246\" data-elementor-post-type=\"page\">\n\t\t\t\t<div class=\"elementor-element elementor-element-7adca95 e-con-full e-flex e-con e-parent\" data-id=\"7adca95\" data-element_type=\"container\" data-settings=\"{&quot;background_background&quot;:&quot;classic&quot;,&quot;shape_divider_bottom&quot;:&quot;waves&quot;}\">\n\t\t\t\t<div class=\"elementor-shape elementor-shape-bottom\" aria-hidden=\"true\" data-negative=\"false\">\n\t\t\t<svg xmlns=\"http:\/\/www.w3.org\/2000\/svg\" viewbox=\"0 0 1000 100\" preserveaspectratio=\"none\">\n\t<path class=\"elementor-shape-fill\" d=\"M421.9,6.5c22.6-2.5,51.5,0.4,75.5,5.3c23.6,4.9,70.9,23.5,100.5,35.7c75.8,32.2,133.7,44.5,192.6,49.7\tc23.6,2.1,48.7,3.5,103.4-2.5c54.7-6,106.2-25.6,106.2-25.6V0H0v30.3c0,0,72,32.6,158.4,30.5c39.2-0.7,92.8-6.7,134-22.4\tc21.2-8.1,52.2-18.2,79.7-24.2C399.3,7.9,411.6,7.5,421.9,6.5z\"\/>\n<\/svg>\t\t<\/div>\n\t\t<div class=\"elementor-element elementor-element-e285711 e-con-full e-flex e-con e-child\" data-id=\"e285711\" data-element_type=\"container\">\n\t\t\t\t<div class=\"elementor-element elementor-element-af05306 elementor-widget elementor-widget-heading\" data-id=\"af05306\" data-element_type=\"widget\" data-widget_type=\"heading.default\">\n\t\t\t\t<div class=\"elementor-widget-container\">\n\t\t\t\t\t<h1 class=\"elementor-heading-title elementor-size-default\">CONTACT US<\/h1>\t\t\t\t<\/div>\n\t\t\t\t<\/div>\n\t\t\t\t<\/div>\n\t\t\t\t<\/div>\n\t\t<div class=\"elementor-element elementor-element-98e0389 e-con-full e-flex e-con e-parent\" data-id=\"98e0389\" data-element_type=\"container\">\n\t\t<div class=\"elementor-element elementor-element-81384ea e-con-full e-flex e-con e-child\" data-id=\"81384ea\" data-element_type=\"container\">\n\t\t\t\t<div class=\"elementor-element elementor-element-e2915ff elementor-widget elementor-widget-heading\" data-id=\"e2915ff\" data-element_type=\"widget\" data-widget_type=\"heading.default\">\n\t\t\t\t<div class=\"elementor-widget-container\">\n\t\t\t\t\t<h2 class=\"elementor-heading-title elementor-size-default\">Smuk Rovaniemi<\/h2>\t\t\t\t<\/div>\n\t\t\t\t<\/div>\n\t\t\t\t<div class=\"elementor-element elementor-element-945d62a elementor-mobile-align-center elementor-tablet-align-left elementor-widget elementor-widget-button\" data-id=\"945d62a\" data-element_type=\"widget\" data-widget_type=\"button.default\">\n\t\t\t\t<div class=\"elementor-widget-container\">\n\t\t\t\t\t\t\t\t\t<div class=\"elementor-button-wrapper\">\n\t\t\t\t\t<a class=\"elementor-button elementor-button-link elementor-size-sm\" href=\"https:\/\/www.smukshop.fi\/en\/smuk-rovaniemi\/#varaa-rovaniemi\">\n\t\t\t\t\t\t<span class=\"elementor-button-content-wrapper\">\n\t\t\t\t\t\t\t\t\t<span class=\"elementor-button-text\">Book a Selling Slot to Rovaniemi<\/span>\n\t\t\t\t\t<\/span>\n\t\t\t\t\t<\/a>\n\t\t\t\t<\/div>\n\t\t\t\t\t\t\t\t<\/div>\n\t\t\t\t<\/div>\n\t\t\t\t<div class=\"elementor-element elementor-element-5ee3339 elementor-widget elementor-widget-icon-box\" data-id=\"5ee3339\" data-element_type=\"widget\" data-widget_type=\"icon-box.default\">\n\t\t\t\t<div class=\"elementor-widget-container\">\n\t\t\t\t\t\t\t<div class=\"elementor-icon-box-wrapper\">\n\n\t\t\t\n\t\t\t\t\t\t<div class=\"elementor-icon-box-content\">\n\n\t\t\t\t\t\t\t\t\t<h4 class=\"elementor-icon-box-title\">\n\t\t\t\t\t\t<span  >\n\t\t\t\t\t\t\tShopping Center Revontuli <br> Koskikatu 27 B, <br>96100 Rovaniemi\t\t\t\t\t\t<\/span>\n\t\t\t\t\t<\/h4>\n\t\t\t\t\n\t\t\t\t\n\t\t\t<\/div>\n\t\t\t\n\t\t<\/div>\n\t\t\t\t\t\t<\/div>\n\t\t\t\t<\/div>\n\t\t\t\t<div class=\"elementor-element elementor-element-04f43ad elementor-position-left elementor-mobile-position-left elementor-view-default elementor-widget elementor-widget-icon-box\" data-id=\"04f43ad\" data-element_type=\"widget\" data-widget_type=\"icon-box.default\">\n\t\t\t\t<div class=\"elementor-widget-container\">\n\t\t\t\t\t\t\t<div class=\"elementor-icon-box-wrapper\">\n\n\t\t\t\t\t\t<div class=\"elementor-icon-box-icon\">\n\t\t\t\t<span  class=\"elementor-icon\">\n\t\t\t\t<i aria-hidden=\"true\" class=\"fas fa-phone-alt\"><\/i>\t\t\t\t<\/span>\n\t\t\t<\/div>\n\t\t\t\n\t\t\t\t\t\t<div class=\"elementor-icon-box-content\">\n\n\t\t\t\t\t\t\t\t\t<h4 class=\"elementor-icon-box-title\">\n\t\t\t\t\t\t<span  >\n\t\t\t\t\t\t\t+358 40 7798 082\t\t\t\t\t\t<\/span>\n\t\t\t\t\t<\/h4>\n\t\t\t\t\n\t\t\t\t\n\t\t\t<\/div>\n\t\t\t\n\t\t<\/div>\n\t\t\t\t\t\t<\/div>\n\t\t\t\t<\/div>\n\t\t\t\t<div class=\"elementor-element elementor-element-ba24c2e elementor-position-left elementor-mobile-position-left elementor-view-default elementor-widget elementor-widget-icon-box\" data-id=\"ba24c2e\" data-element_type=\"widget\" data-widget_type=\"icon-box.default\">\n\t\t\t\t<div class=\"elementor-widget-container\">\n\t\t\t\t\t\t\t<div class=\"elementor-icon-box-wrapper\">\n\n\t\t\t\t\t\t<div class=\"elementor-icon-box-icon\">\n\t\t\t\t<span  class=\"elementor-icon\">\n\t\t\t\t<i aria-hidden=\"true\" class=\"fas fa-envelope\"><\/i>\t\t\t\t<\/span>\n\t\t\t<\/div>\n\t\t\t\n\t\t\t\t\t\t<div class=\"elementor-icon-box-content\">\n\n\t\t\t\t\t\t\t\t\t<h4 class=\"elementor-icon-box-title\">\n\t\t\t\t\t\t<span  >\n\t\t\t\t\t\t\trovaniemi@smukshop.fi\t\t\t\t\t\t<\/span>\n\t\t\t\t\t<\/h4>\n\t\t\t\t\n\t\t\t\t\n\t\t\t<\/div>\n\t\t\t\n\t\t<\/div>\n\t\t\t\t\t\t<\/div>\n\t\t\t\t<\/div>\n\t\t\t\t<div class=\"elementor-element elementor-element-f54c411 elementor-position-left elementor-mobile-position-left elementor-view-default elementor-widget elementor-widget-icon-box\" data-id=\"f54c411\" data-element_type=\"widget\" data-widget_type=\"icon-box.default\">\n\t\t\t\t<div class=\"elementor-widget-container\">\n\t\t\t\t\t\t\t<div class=\"elementor-icon-box-wrapper\">\n\n\t\t\t\t\t\t<div class=\"elementor-icon-box-icon\">\n\t\t\t\t<span  class=\"elementor-icon\">\n\t\t\t\t<i aria-hidden=\"true\" class=\"fas fa-door-open\"><\/i>\t\t\t\t<\/span>\n\t\t\t<\/div>\n\t\t\t\n\t\t\t\t\t\t<div class=\"elementor-icon-box-content\">\n\n\t\t\t\t\t\t\t\t\t<h4 class=\"elementor-icon-box-title\">\n\t\t\t\t\t\t<span  >\n\t\t\t\t\t\t\tOPENING HOURS\t\t\t\t\t\t<\/span>\n\t\t\t\t\t<\/h4>\n\t\t\t\t\n\t\t\t\t\t\t\t\t\t<p class=\"elementor-icon-box-description\">\n\t\t\t\t\t\tMa-Pe 10-19<br>Sat 10-17<br>Sun 12-16\t\t\t\t\t<\/p>\n\t\t\t\t\n\t\t\t<\/div>\n\t\t\t\n\t\t<\/div>\n\t\t\t\t\t\t<\/div>\n\t\t\t\t<\/div>\n\t\t\t\t<div class=\"elementor-element elementor-element-c6d1983 elementor-widget elementor-widget-text-editor\" data-id=\"c6d1983\" data-element_type=\"widget\" data-widget_type=\"text-editor.default\">\n\t\t\t\t<div class=\"elementor-widget-container\">\n\t\t\t\t\t\t\t\t\t<p>Accessible entrance to the store<\/p>\t\t\t\t\t\t\t\t<\/div>\n\t\t\t\t<\/div>\n\t\t\t\t<div class=\"elementor-element elementor-element-834e2d2 elementor-shape-circle e-grid-align-left e-grid-align-mobile-center e-grid-align-tablet-left elementor-grid-0 elementor-widget elementor-widget-social-icons\" data-id=\"834e2d2\" data-element_type=\"widget\" data-widget_type=\"social-icons.default\">\n\t\t\t\t<div class=\"elementor-widget-container\">\n\t\t\t\t\t\t\t<div class=\"elementor-social-icons-wrapper elementor-grid\" role=\"list\">\n\t\t\t\t\t\t\t<span class=\"elementor-grid-item\" role=\"listitem\">\n\t\t\t\t\t<a class=\"elementor-icon elementor-social-icon elementor-social-icon-instagram elementor-repeater-item-195b3df\" href=\"https:\/\/www.instagram.com\/smukshoprovaniemi\/\" target=\"_blank\">\n\t\t\t\t\t\t<span class=\"elementor-screen-only\">Instagram<\/span>\n\t\t\t\t\t\t<i aria-hidden=\"true\" class=\"fab fa-instagram\"><\/i>\t\t\t\t\t<\/a>\n\t\t\t\t<\/span>\n\t\t\t\t\t\t\t<span class=\"elementor-grid-item\" role=\"listitem\">\n\t\t\t\t\t<a class=\"elementor-icon elementor-social-icon elementor-social-icon-facebook-f elementor-repeater-item-b506730\" href=\"https:\/\/www.facebook.com\/smukshopfinland\/\" target=\"_blank\">\n\t\t\t\t\t\t<span class=\"elementor-screen-only\">Facebook-f<\/span>\n\t\t\t\t\t\t<i aria-hidden=\"true\" class=\"fab fa-facebook-f\"><\/i>\t\t\t\t\t<\/a>\n\t\t\t\t<\/span>\n\t\t\t\t\t<\/div>\n\t\t\t\t\t\t<\/div>\n\t\t\t\t<\/div>\n\t\t\t\t<div class=\"elementor-element elementor-element-bae1a38 elementor-widget elementor-widget-google_maps\" data-id=\"bae1a38\" data-element_type=\"widget\" data-widget_type=\"google_maps.default\">\n\t\t\t\t<div class=\"elementor-widget-container\">\n\t\t\t\t\t\t\t<div class=\"elementor-custom-embed\">\n\t\t\t<iframe loading=\"lazy\"\n\t\t\t\t\tsrc=\"https:\/\/maps.google.com\/maps?q=Kauppakeskus%20Rinteenkulma%2C%20Rovaniemi&#038;t=m&#038;z=16&#038;output=embed&#038;iwloc=near\"\n\t\t\t\t\ttitle=\"Kauppakeskus Rinteenkulma, Rovaniemi\"\n\t\t\t\t\taria-label=\"Kauppakeskus Rinteenkulma, Rovaniemi\"\n\t\t\t><\/iframe>\n\t\t<\/div>\n\t\t\t\t\t\t<\/div>\n\t\t\t\t<\/div>\n\t\t\t\t<\/div>\n\t\t<div class=\"elementor-element elementor-element-40b1e7e e-con-full e-flex e-con e-child\" data-id=\"40b1e7e\" data-element_type=\"container\">\n\t\t\t\t<div class=\"elementor-element elementor-element-4c19336 elementor-widget elementor-widget-heading\" data-id=\"4c19336\" data-element_type=\"widget\" data-widget_type=\"heading.default\">\n\t\t\t\t<div class=\"elementor-widget-container\">\n\t\t\t\t\t<h2 class=\"elementor-heading-title elementor-size-default\">Smuk Oulu<\/h2>\t\t\t\t<\/div>\n\t\t\t\t<\/div>\n\t\t\t\t<div class=\"elementor-element elementor-element-c291f4b elementor-mobile-align-center elementor-tablet-align-left elementor-widget elementor-widget-button\" data-id=\"c291f4b\" data-element_type=\"widget\" data-widget_type=\"button.default\">\n\t\t\t\t<div class=\"elementor-widget-container\">\n\t\t\t\t\t\t\t\t\t<div class=\"elementor-button-wrapper\">\n\t\t\t\t\t<a class=\"elementor-button elementor-button-link elementor-size-sm\" href=\"https:\/\/www.smukshop.fi\/en\/smuk-oulu\/#varaa-oulu\">\n\t\t\t\t\t\t<span class=\"elementor-button-content-wrapper\">\n\t\t\t\t\t\t\t\t\t<span class=\"elementor-button-text\">Book a Selling Slot to Oulu<\/span>\n\t\t\t\t\t<\/span>\n\t\t\t\t\t<\/a>\n\t\t\t\t<\/div>\n\t\t\t\t\t\t\t\t<\/div>\n\t\t\t\t<\/div>\n\t\t\t\t<div class=\"elementor-element elementor-element-cfbbdb8 elementor-widget elementor-widget-icon-box\" data-id=\"cfbbdb8\" data-element_type=\"widget\" data-widget_type=\"icon-box.default\">\n\t\t\t\t<div class=\"elementor-widget-container\">\n\t\t\t\t\t\t\t<div class=\"elementor-icon-box-wrapper\">\n\n\t\t\t\n\t\t\t\t\t\t<div class=\"elementor-icon-box-content\">\n\n\t\t\t\t\t\t\t\t\t<h4 class=\"elementor-icon-box-title\">\n\t\t\t\t\t\t<span  >\n\t\t\t\t\t\t\tShopping Center Pekuri <br> Kauppurienkatu 10,<br> 90100 Oulu\t\t\t\t\t\t<\/span>\n\t\t\t\t\t<\/h4>\n\t\t\t\t\n\t\t\t\t\n\t\t\t<\/div>\n\t\t\t\n\t\t<\/div>\n\t\t\t\t\t\t<\/div>\n\t\t\t\t<\/div>\n\t\t\t\t<div class=\"elementor-element elementor-element-06aa930 elementor-position-left elementor-mobile-position-left elementor-view-default elementor-widget elementor-widget-icon-box\" data-id=\"06aa930\" data-element_type=\"widget\" data-widget_type=\"icon-box.default\">\n\t\t\t\t<div class=\"elementor-widget-container\">\n\t\t\t\t\t\t\t<div class=\"elementor-icon-box-wrapper\">\n\n\t\t\t\t\t\t<div class=\"elementor-icon-box-icon\">\n\t\t\t\t<span  class=\"elementor-icon\">\n\t\t\t\t<i aria-hidden=\"true\" class=\"fas fa-phone-alt\"><\/i>\t\t\t\t<\/span>\n\t\t\t<\/div>\n\t\t\t\n\t\t\t\t\t\t<div class=\"elementor-icon-box-content\">\n\n\t\t\t\t\t\t\t\t\t<h4 class=\"elementor-icon-box-title\">\n\t\t\t\t\t\t<span  >\n\t\t\t\t\t\t\t+358 44 7200 196\t\t\t\t\t\t<\/span>\n\t\t\t\t\t<\/h4>\n\t\t\t\t\n\t\t\t\t\n\t\t\t<\/div>\n\t\t\t\n\t\t<\/div>\n\t\t\t\t\t\t<\/div>\n\t\t\t\t<\/div>\n\t\t\t\t<div class=\"elementor-element elementor-element-df4cfa4 elementor-position-left elementor-mobile-position-left elementor-view-default elementor-widget elementor-widget-icon-box\" data-id=\"df4cfa4\" data-element_type=\"widget\" data-widget_type=\"icon-box.default\">\n\t\t\t\t<div class=\"elementor-widget-container\">\n\t\t\t\t\t\t\t<div class=\"elementor-icon-box-wrapper\">\n\n\t\t\t\t\t\t<div class=\"elementor-icon-box-icon\">\n\t\t\t\t<span  class=\"elementor-icon\">\n\t\t\t\t<i aria-hidden=\"true\" class=\"fas fa-envelope\"><\/i>\t\t\t\t<\/span>\n\t\t\t<\/div>\n\t\t\t\n\t\t\t\t\t\t<div class=\"elementor-icon-box-content\">\n\n\t\t\t\t\t\t\t\t\t<h4 class=\"elementor-icon-box-title\">\n\t\t\t\t\t\t<span  >\n\t\t\t\t\t\t\toulu@smukshop.fi\t\t\t\t\t\t<\/span>\n\t\t\t\t\t<\/h4>\n\t\t\t\t\n\t\t\t\t\n\t\t\t<\/div>\n\t\t\t\n\t\t<\/div>\n\t\t\t\t\t\t<\/div>\n\t\t\t\t<\/div>\n\t\t\t\t<div class=\"elementor-element elementor-element-5241aa8 elementor-position-left elementor-mobile-position-left elementor-view-default elementor-widget elementor-widget-icon-box\" data-id=\"5241aa8\" data-element_type=\"widget\" data-widget_type=\"icon-box.default\">\n\t\t\t\t<div class=\"elementor-widget-container\">\n\t\t\t\t\t\t\t<div class=\"elementor-icon-box-wrapper\">\n\n\t\t\t\t\t\t<div class=\"elementor-icon-box-icon\">\n\t\t\t\t<span  class=\"elementor-icon\">\n\t\t\t\t<i aria-hidden=\"true\" class=\"fas fa-door-open\"><\/i>\t\t\t\t<\/span>\n\t\t\t<\/div>\n\t\t\t\n\t\t\t\t\t\t<div class=\"elementor-icon-box-content\">\n\n\t\t\t\t\t\t\t\t\t<h4 class=\"elementor-icon-box-title\">\n\t\t\t\t\t\t<span  >\n\t\t\t\t\t\t\tOPENING HOURS\t\t\t\t\t\t<\/span>\n\t\t\t\t\t<\/h4>\n\t\t\t\t\n\t\t\t\t\t\t\t\t\t<p class=\"elementor-icon-box-description\">\n\t\t\t\t\t\tMon-Fri 11-19<br>\nSat 11-17<br>\nSun Closed\t\t\t\t\t<\/p>\n\t\t\t\t\n\t\t\t<\/div>\n\t\t\t\n\t\t<\/div>\n\t\t\t\t\t\t<\/div>\n\t\t\t\t<\/div>\n\t\t\t\t<div class=\"elementor-element elementor-element-843e809 elementor-widget elementor-widget-text-editor\" data-id=\"843e809\" data-element_type=\"widget\" data-widget_type=\"text-editor.default\">\n\t\t\t\t<div class=\"elementor-widget-container\">\n\t\t\t\t\t\t\t\t\t<p>Accessible entrance to the store<\/p>\t\t\t\t\t\t\t\t<\/div>\n\t\t\t\t<\/div>\n\t\t\t\t<div class=\"elementor-element elementor-element-5f8532c elementor-shape-circle e-grid-align-left e-grid-align-mobile-center e-grid-align-tablet-left elementor-grid-0 elementor-widget elementor-widget-social-icons\" data-id=\"5f8532c\" data-element_type=\"widget\" data-widget_type=\"social-icons.default\">\n\t\t\t\t<div class=\"elementor-widget-container\">\n\t\t\t\t\t\t\t<div class=\"elementor-social-icons-wrapper elementor-grid\">\n\t\t\t\t\t\t\t<span class=\"elementor-grid-item\">\n\t\t\t\t\t<a class=\"elementor-icon elementor-social-icon elementor-social-icon-instagram elementor-repeater-item-195b3df\" href=\"https:\/\/www.instagram.com\/smukshopoulu\/\" target=\"_blank\">\n\t\t\t\t\t\t<span class=\"elementor-screen-only\">Instagram<\/span>\n\t\t\t\t\t\t<i aria-hidden=\"true\" class=\"fab fa-instagram\"><\/i>\t\t\t\t\t<\/a>\n\t\t\t\t<\/span>\n\t\t\t\t\t<\/div>\n\t\t\t\t\t\t<\/div>\n\t\t\t\t<\/div>\n\t\t\t\t<div class=\"elementor-element elementor-element-2a85e26 elementor-widget elementor-widget-google_maps\" data-id=\"2a85e26\" data-element_type=\"widget\" data-widget_type=\"google_maps.default\">\n\t\t\t\t<div class=\"elementor-widget-container\">\n\t\t\t\t\t\t\t<div class=\"elementor-custom-embed\">\n\t\t\t<iframe loading=\"lazy\"\n\t\t\t\t\tsrc=\"https:\/\/maps.google.com\/maps?q=Kauppakortteli%20Pekuri%20Oulu&#038;t=m&#038;z=16&#038;output=embed&#038;iwloc=near\"\n\t\t\t\t\ttitle=\"Kauppakortteli Pekuri Oulu\"\n\t\t\t\t\taria-label=\"Kauppakortteli Pekuri Oulu\"\n\t\t\t><\/iframe>\n\t\t<\/div>\n\t\t\t\t\t\t<\/div>\n\t\t\t\t<\/div>\n\t\t\t\t<\/div>\n\t\t\t\t<\/div>\n\t\t\t\t<\/div>","protected":false},"excerpt":{"rendered":"<p>OTA YHTEYTT\u00c4 Smuk Rovaniemi Varaa myyntijakso Rovaniemelle Kauppakeskus Revontuli Koskikatu 27 B, 96100 Rovaniemi +358 40 7798 082 rovaniemi@smukshop.fi AVOINNA Ma-Pe 10-19La 10-17Su 12-16 Myym\u00e4l\u00e4\u00e4n esteet\u00f6n p\u00e4\u00e4sy Instagram Facebook-f Smuk Oulu Varaa myyntijakso Ouluun Kauppakortteli Pekuri Kauppurienkatu 10, 90100 Oulu +358 44 7200 196 oulu@smukshop.fi AVOINNA Ma-Pe 11-19 La 11-17 Su suljettu Myym\u00e4l\u00e4\u00e4n esteet\u00f6n p\u00e4\u00e4sy [&hellip;]<\/p>","protected":false},"author":2,"featured_media":0,"parent":0,"menu_order":0,"comment_status":"closed","ping_status":"closed","template":"","meta":{"site-sidebar-layout":"no-sidebar","site-content-layout":"page-builder","ast-site-content-layout":"default","site-content-style":"default","site-sidebar-style":"default","ast-global-header-display":"","ast-banner-title-visibility":"","ast-main-header-display":"","ast-hfb-above-header-display":"","ast-hfb-below-header-display":"","ast-hfb-mobile-header-display":"","site-post-title":"disabled","ast-breadcrumbs-content":"","ast-featured-img":"disabled","footer-sml-layout":"","theme-transparent-header-meta":"enabled","adv-header-id-meta":"","stick-header-meta":"","header-above-stick-meta":"","header-main-stick-meta":"","header-below-stick-meta":"","astra-migrate-meta-layouts":"default","ast-page-background-enabled":"default","ast-page-background-meta":{"desktop":{"background-color":"","background-image":"","background-repeat":"repeat","background-position":"center center","background-size":"auto","background-attachment":"scroll","background-type":"","background-media":"","overlay-type":"","overlay-color":"","overlay-opacity":"","overlay-gradient":""},"tablet":{"background-color":"","background-image":"","background-repeat":"repeat","background-position":"center center","background-size":"auto","background-attachment":"scroll","background-type":"","background-media":"","overlay-type":"","overlay-color":"","overlay-opacity":"","overlay-gradient":""},"mobile":{"background-color":"","background-image":"","background-repeat":"repeat","background-position":"center center","background-size":"auto","background-attachment":"scroll","background-type":"","background-media":"","overlay-type":"","overlay-color":"","overlay-opacity":"","overlay-gradient":""}},"ast-content-background-meta":{"desktop":{"background-color":"var(--ast-global-color-5)","background-image":"","background-repeat":"repeat","background-position":"center center","background-size":"auto","background-attachment":"scroll","background-type":"","background-media":"","overlay-type":"","overlay-color":"","overlay-opacity":"","overlay-gradient":""},"tablet":{"background-color":"var(--ast-global-color-5)","background-image":"","background-repeat":"repeat","background-position":"center center","background-size":"auto","background-attachment":"scroll","background-type":"","background-media":"","overlay-type":"","overlay-color":"","overlay-opacity":"","overlay-gradient":""},"mobile":{"background-color":"var(--ast-global-color-5)","background-image":"","background-repeat":"repeat","background-position":"center center","background-size":"auto","background-attachment":"scroll","background-type":"","background-media":"","overlay-type":"","overlay-color":"","overlay-opacity":"","overlay-gradient":""}},"footnotes":""},"class_list":["post-2246","page","type-page","status-publish","hentry"],"yoast_head":"<!-- This site is optimized with the Yoast SEO plugin v26.0 - https:\/\/yoast.com\/wordpress\/plugins\/seo\/ -->\n<title>Yhteystiedot - SMUK. Soita meille ja tuo k\u00e4ytetyt vaatteesi myyntiin meille!<\/title>\n<meta name=\"description\" content=\"SMUK. kirpputori ja ekologisten vaatteiden myym\u00e4l\u00e4 sijaitsee Rovaniemen keskustassa. Katso yhteystietomme ja varaa oma myyntip\u00f6yt\u00e4si nyt!\" \/>\n<meta name=\"robots\" content=\"index, follow, max-snippet:-1, max-image-preview:large, max-video-preview:-1\" \/>\n<link rel=\"canonical\" href=\"https:\/\/www.smukshop.fi\/en\/yhteystiedot\/\" \/>\n<meta property=\"og:locale\" content=\"en_GB\" \/>\n<meta property=\"og:type\" content=\"article\" \/>\n<meta property=\"og:title\" content=\"Yhteystiedot - SMUK. Soita meille ja tuo k\u00e4ytetyt vaatteesi myyntiin meille!\" \/>\n<meta property=\"og:description\" content=\"SMUK. kirpputori ja ekologisten vaatteiden myym\u00e4l\u00e4 sijaitsee Rovaniemen keskustassa. Katso yhteystietomme ja varaa oma myyntip\u00f6yt\u00e4si nyt!\" \/>\n<meta property=\"og:url\" content=\"https:\/\/www.smukshop.fi\/en\/yhteystiedot\/\" \/>\n<meta property=\"og:site_name\" content=\"SMUK.\" \/>\n<meta property=\"article:publisher\" content=\"https:\/\/www.facebook.com\/smukshopfinland\/\" \/>\n<meta property=\"article:modified_time\" content=\"2026-03-26T17:37:20+00:00\" \/>\n<meta name=\"twitter:card\" content=\"summary_large_image\" \/>\n<meta name=\"twitter:label1\" content=\"Estimated reading time\" \/>\n\t<meta name=\"twitter:data1\" content=\"1 minute\" \/>\n<script type=\"application\/ld+json\" class=\"yoast-schema-graph\">{\"@context\":\"https:\/\/schema.org\",\"@graph\":[{\"@type\":\"WebPage\",\"@id\":\"https:\/\/www.smukshop.fi\/yhteystiedot\/\",\"url\":\"https:\/\/www.smukshop.fi\/yhteystiedot\/\",\"name\":\"Yhteystiedot - SMUK. Soita meille ja tuo k\u00e4ytetyt vaatteesi myyntiin meille!\",\"isPartOf\":{\"@id\":\"https:\/\/www.smukshop.fi\/#website\"},\"datePublished\":\"2018-12-21T06:29:53+00:00\",\"dateModified\":\"2026-03-26T17:37:20+00:00\",\"description\":\"SMUK. kirpputori ja ekologisten vaatteiden myym\u00e4l\u00e4 sijaitsee Rovaniemen keskustassa. Katso yhteystietomme ja varaa oma myyntip\u00f6yt\u00e4si nyt!\",\"breadcrumb\":{\"@id\":\"https:\/\/www.smukshop.fi\/yhteystiedot\/#breadcrumb\"},\"inLanguage\":\"en-GB\",\"potentialAction\":[{\"@type\":\"ReadAction\",\"target\":[\"https:\/\/www.smukshop.fi\/yhteystiedot\/\"]}]},{\"@type\":\"BreadcrumbList\",\"@id\":\"https:\/\/www.smukshop.fi\/yhteystiedot\/#breadcrumb\",\"itemListElement\":[{\"@type\":\"ListItem\",\"position\":1,\"name\":\"Etusivu\",\"item\":\"https:\/\/www.smukshop.fi\/\"},{\"@type\":\"ListItem\",\"position\":2,\"name\":\"Yhteystiedot\"}]},{\"@type\":\"WebSite\",\"@id\":\"https:\/\/www.smukshop.fi\/#website\",\"url\":\"https:\/\/www.smukshop.fi\/\",\"name\":\"SMUK.\",\"description\":\"Second Hand\",\"potentialAction\":[{\"@type\":\"SearchAction\",\"target\":{\"@type\":\"EntryPoint\",\"urlTemplate\":\"https:\/\/www.smukshop.fi\/?s={search_term_string}\"},\"query-input\":{\"@type\":\"PropertyValueSpecification\",\"valueRequired\":true,\"valueName\":\"search_term_string\"}}],\"inLanguage\":\"en-GB\"}]}<\/script>\n<!-- \/ Yoast SEO plugin. -->","yoast_head_json":{"title":"Yhteystiedot - SMUK. Soita meille ja tuo k\u00e4ytetyt vaatteesi myyntiin meille!","description":"SMUK. kirpputori ja ekologisten vaatteiden myym\u00e4l\u00e4 sijaitsee Rovaniemen keskustassa. Katso yhteystietomme ja varaa oma myyntip\u00f6yt\u00e4si nyt!","robots":{"index":"index","follow":"follow","max-snippet":"max-snippet:-1","max-image-preview":"max-image-preview:large","max-video-preview":"max-video-preview:-1"},"canonical":"https:\/\/www.smukshop.fi\/en\/yhteystiedot\/","og_locale":"en_GB","og_type":"article","og_title":"Yhteystiedot - SMUK. Soita meille ja tuo k\u00e4ytetyt vaatteesi myyntiin meille!","og_description":"SMUK. kirpputori ja ekologisten vaatteiden myym\u00e4l\u00e4 sijaitsee Rovaniemen keskustassa. Katso yhteystietomme ja varaa oma myyntip\u00f6yt\u00e4si nyt!","og_url":"https:\/\/www.smukshop.fi\/en\/yhteystiedot\/","og_site_name":"SMUK.","article_publisher":"https:\/\/www.facebook.com\/smukshopfinland\/","article_modified_time":"2026-03-26T17:37:20+00:00","twitter_card":"summary_large_image","twitter_misc":{"Estimated reading time":"1 minute"},"schema":{"@context":"https:\/\/schema.org","@graph":[{"@type":"WebPage","@id":"https:\/\/www.smukshop.fi\/yhteystiedot\/","url":"https:\/\/www.smukshop.fi\/yhteystiedot\/","name":"Yhteystiedot - SMUK. Soita meille ja tuo k\u00e4ytetyt vaatteesi myyntiin meille!","isPartOf":{"@id":"https:\/\/www.smukshop.fi\/#website"},"datePublished":"2018-12-21T06:29:53+00:00","dateModified":"2026-03-26T17:37:20+00:00","description":"SMUK. kirpputori ja ekologisten vaatteiden myym\u00e4l\u00e4 sijaitsee Rovaniemen keskustassa. Katso yhteystietomme ja varaa oma myyntip\u00f6yt\u00e4si nyt!","breadcrumb":{"@id":"https:\/\/www.smukshop.fi\/yhteystiedot\/#breadcrumb"},"inLanguage":"en-GB","potentialAction":[{"@type":"ReadAction","target":["https:\/\/www.smukshop.fi\/yhteystiedot\/"]}]},{"@type":"BreadcrumbList","@id":"https:\/\/www.smukshop.fi\/yhteystiedot\/#breadcrumb","itemListElement":[{"@type":"ListItem","position":1,"name":"Etusivu","item":"https:\/\/www.smukshop.fi\/"},{"@type":"ListItem","position":2,"name":"Yhteystiedot"}]},{"@type":"WebSite","@id":"https:\/\/www.smukshop.fi\/#website","url":"https:\/\/www.smukshop.fi\/","name":"SMUK.","description":"Second Hand","potentialAction":[{"@type":"SearchAction","target":{"@type":"EntryPoint","urlTemplate":"https:\/\/www.smukshop.fi\/?s={search_term_string}"},"query-input":{"@type":"PropertyValueSpecification","valueRequired":true,"valueName":"search_term_string"}}],"inLanguage":"en-GB"}]}},"_links":{"self":[{"href":"https:\/\/www.smukshop.fi\/en\/wp-json\/wp\/v2\/pages\/2246","targetHints":{"allow":["GET"]}}],"collection":[{"href":"https:\/\/www.smukshop.fi\/en\/wp-json\/wp\/v2\/pages"}],"about":[{"href":"https:\/\/www.smukshop.fi\/en\/wp-json\/wp\/v2\/types\/page"}],"author":[{"embeddable":true,"href":"https:\/\/www.smukshop.fi\/en\/wp-json\/wp\/v2\/users\/2"}],"replies":[{"embeddable":true,"href":"https:\/\/www.smukshop.fi\/en\/wp-json\/wp\/v2\/comments?post=2246"}],"version-history":[{"count":260,"href":"https:\/\/www.smukshop.fi\/en\/wp-json\/wp\/v2\/pages\/2246\/revisions"}],"predecessor-version":[{"id":5368,"href":"https:\/\/www.smukshop.fi\/en\/wp-json\/wp\/v2\/pages\/2246\/revisions\/5368"}],"wp:attachment":[{"href":"https:\/\/www.smukshop.fi\/en\/wp-json\/wp\/v2\/media?parent=2246"}],"curies":[{"name":"wp","href":"https:\/\/api.w.org\/{rel}","templated":true}]}}